{"id":50986,"date":"2022-01-24T09:50:34","date_gmt":"2022-01-24T12:50:34","guid":{"rendered":"https:\/\/www.museuhistoricosl.com.br\/loja\/produto\/sl081-fd-0019\/"},"modified":"2022-01-24T09:50:34","modified_gmt":"2022-01-24T12:50:34","slug":"sl081-fd-0019","status":"publish","type":"product","link":"https:\/\/www.museuhistoricosl.com.br\/loja\/produto\/sl081-fd-0019\/","title":{"rendered":"SL081-FD-0019"},"content":{"rendered":"<p>Vista a\u00e9rea da Pra\u00e7a do Imigrante, antes do plantio de \u00e1rvores e da constru\u00e7\u00e3o dos diques, al\u00e9m de ser poss\u00edvel ver o pr\u00e9dio do antigo Semin\u00e1rio Evang\u00e9lico para forma\u00e7\u00e3o de Professores (que foi transferido para Ivoti na d\u00e9cada de 1950), atual pr\u00e9dio da C\u00e2mara de Vereadores de S\u00e3o Leopoldo, a Igreja Matriz Nossa Senhora da Concei\u00e7\u00e3o e o Gin\u00e1sio Concei\u00e7\u00e3o (atual Antiga Sede da Unisinos). &#8211; C\u00f3digo anterior de cat\u00e1logo:FD 81-19; Pra\u00e7as &#8211; S\u00e3o Leopoldo; <\/p>\n","protected":false},"excerpt":{"rendered":"<p>Vista a\u00e9rea da Pra\u00e7a do Imigrante, antes do plantio de \u00e1rvores e da constru\u00e7\u00e3o dos diques, al\u00e9m de ser poss\u00edvel<\/p>\n","protected":false},"featured_media":50985,"comment_status":"open","ping_status":"closed","template":"","meta":{"_acf_changed":false},"product_cat":[114],"product_tag":[],"class_list":["post-50986","product","type-product","status-publish","has-post-thumbnail","hentry","product_cat-pracas-sao-leopoldo"],"acf":[],"_links":{"self":[{"href":"https:\/\/www.museuhistoricosl.com.br\/loja\/wp-json\/wp\/v2\/product\/50986","targetHints":{"allow":["GET"]}}],"collection":[{"href":"https:\/\/www.museuhistoricosl.com.br\/loja\/wp-json\/wp\/v2\/product"}],"about":[{"href":"https:\/\/www.museuhistoricosl.com.br\/loja\/wp-json\/wp\/v2\/types\/product"}],"replies":[{"embeddable":true,"href":"https:\/\/www.museuhistoricosl.com.br\/loja\/wp-json\/wp\/v2\/comments?post=50986"}],"wp:featuredmedia":[{"embeddable":true,"href":"https:\/\/www.museuhistoricosl.com.br\/loja\/wp-json\/wp\/v2\/media\/50985"}],"wp:attachment":[{"href":"https:\/\/www.museuhistoricosl.com.br\/loja\/wp-json\/wp\/v2\/media?parent=50986"}],"wp:term":[{"taxonomy":"product_cat","embeddable":true,"href":"https:\/\/www.museuhistoricosl.com.br\/loja\/wp-json\/wp\/v2\/product_cat?post=50986"},{"taxonomy":"product_tag","embeddable":true,"href":"https:\/\/www.museuhistoricosl.com.br\/loja\/wp-json\/wp\/v2\/product_tag?post=50986"}],"curies":[{"name":"wp","href":"https:\/\/api.w.org\/{rel}","templated":true}]}}