{"id":50974,"date":"2022-01-24T09:50:25","date_gmt":"2022-01-24T12:50:25","guid":{"rendered":"https:\/\/www.museuhistoricosl.com.br\/loja\/produto\/sl081-fd-0013\/"},"modified":"2022-01-24T09:50:25","modified_gmt":"2022-01-24T12:50:25","slug":"sl081-fd-0013","status":"publish","type":"product","link":"https:\/\/www.museuhistoricosl.com.br\/loja\/produto\/sl081-fd-0013\/","title":{"rendered":"SL081-FD-0013"},"content":{"rendered":"<p>Foto tirada da torre da Igreja Matriz Nossa Senhora da Concei\u00e7\u00e3o, onde \u00e9 poss\u00edvel ver parte da cidade de S\u00e3o Leopoldo (regi\u00e3o central). A igreja que se v\u00ea \u00e0 esquerda \u00e9 a Igreja de Cristo (Igreja do Rel\u00f3gio), da Igreja Evang\u00e9lica de Confiss\u00e3o Luterana no Brasil &#8211; IECLB (antigo S\u00ednodo Rio-grandense). Na \u00e1rea que se v\u00ea em frente \u00e0 igreja Nossa Senhora da Concei\u00e7\u00e3o foi constru\u00edda a Pra\u00e7a Jo\u00e3o Pessoa, atual Pra\u00e7a Tiradentes. Ao fundo, Rua Primeiro de Mar\u00e7o, esquina com a Rua Brasil.  &#8211; C\u00f3digo anterior de cat\u00e1logo:FD 81-13; Pra\u00e7as &#8211; S\u00e3o Leopoldo; <\/p>\n","protected":false},"excerpt":{"rendered":"<p>Foto tirada da torre da Igreja Matriz Nossa Senhora da Concei\u00e7\u00e3o, onde \u00e9 poss\u00edvel ver parte da cidade de S\u00e3o<\/p>\n","protected":false},"featured_media":50973,"comment_status":"open","ping_status":"closed","template":"","meta":{"_acf_changed":false},"product_cat":[114],"product_tag":[],"class_list":["post-50974","product","type-product","status-publish","has-post-thumbnail","hentry","product_cat-pracas-sao-leopoldo"],"acf":[],"_links":{"self":[{"href":"https:\/\/www.museuhistoricosl.com.br\/loja\/wp-json\/wp\/v2\/product\/50974","targetHints":{"allow":["GET"]}}],"collection":[{"href":"https:\/\/www.museuhistoricosl.com.br\/loja\/wp-json\/wp\/v2\/product"}],"about":[{"href":"https:\/\/www.museuhistoricosl.com.br\/loja\/wp-json\/wp\/v2\/types\/product"}],"replies":[{"embeddable":true,"href":"https:\/\/www.museuhistoricosl.com.br\/loja\/wp-json\/wp\/v2\/comments?post=50974"}],"wp:featuredmedia":[{"embeddable":true,"href":"https:\/\/www.museuhistoricosl.com.br\/loja\/wp-json\/wp\/v2\/media\/50973"}],"wp:attachment":[{"href":"https:\/\/www.museuhistoricosl.com.br\/loja\/wp-json\/wp\/v2\/media?parent=50974"}],"wp:term":[{"taxonomy":"product_cat","embeddable":true,"href":"https:\/\/www.museuhistoricosl.com.br\/loja\/wp-json\/wp\/v2\/product_cat?post=50974"},{"taxonomy":"product_tag","embeddable":true,"href":"https:\/\/www.museuhistoricosl.com.br\/loja\/wp-json\/wp\/v2\/product_tag?post=50974"}],"curies":[{"name":"wp","href":"https:\/\/api.w.org\/{rel}","templated":true}]}}