{"id":50970,"date":"2022-01-24T09:50:23","date_gmt":"2022-01-24T12:50:23","guid":{"rendered":"https:\/\/www.museuhistoricosl.com.br\/loja\/produto\/sl081-fd-0011\/"},"modified":"2022-01-24T09:50:23","modified_gmt":"2022-01-24T12:50:23","slug":"sl081-fd-0011","status":"publish","type":"product","link":"https:\/\/www.museuhistoricosl.com.br\/loja\/produto\/sl081-fd-0011\/","title":{"rendered":"SL081-FD-0011"},"content":{"rendered":"<p>Vista da Pra\u00e7a Centen\u00e1rio (atual Pra\u00e7a do Imigrante), antes da constru\u00e7\u00e3o dos diques (constru\u00eddos na d\u00e9cada de 1970). Tamb\u00e9m se v\u00ea, ao centro, o Monumento ao Imigrante. O pr\u00e9dio que se v\u00ea \u00e0 esquerda da foto \u00e9 o antigo Semin\u00e1rio Evang\u00e9lico para forma\u00e7\u00e3o de Professores (que foi transferido para Ivoti na d\u00e9cada de 1950), atual C\u00e2mara de Vereadores de S\u00e3o Leopoldo. A torre que se v\u00ea na foto \u00e9 da Igreja de Cristo (Igreja do Rel\u00f3gio), da Igreja Evang\u00e9lica de Confiss\u00e3o Luterana no Brasil &#8211; IECLB (antigo S\u00ednodo Rio-grandense). &#8211; C\u00f3digo anterior de cat\u00e1logo:FD 81-11; Pra\u00e7as &#8211; S\u00e3o Leopoldo; <\/p>\n","protected":false},"excerpt":{"rendered":"<p>Vista da Pra\u00e7a Centen\u00e1rio (atual Pra\u00e7a do Imigrante), antes da constru\u00e7\u00e3o dos diques (constru\u00eddos na d\u00e9cada de 1970). Tamb\u00e9m se<\/p>\n","protected":false},"featured_media":50969,"comment_status":"open","ping_status":"closed","template":"","meta":{"_acf_changed":false},"product_cat":[114],"product_tag":[],"class_list":["post-50970","product","type-product","status-publish","has-post-thumbnail","hentry","product_cat-pracas-sao-leopoldo"],"acf":[],"_links":{"self":[{"href":"https:\/\/www.museuhistoricosl.com.br\/loja\/wp-json\/wp\/v2\/product\/50970","targetHints":{"allow":["GET"]}}],"collection":[{"href":"https:\/\/www.museuhistoricosl.com.br\/loja\/wp-json\/wp\/v2\/product"}],"about":[{"href":"https:\/\/www.museuhistoricosl.com.br\/loja\/wp-json\/wp\/v2\/types\/product"}],"replies":[{"embeddable":true,"href":"https:\/\/www.museuhistoricosl.com.br\/loja\/wp-json\/wp\/v2\/comments?post=50970"}],"wp:featuredmedia":[{"embeddable":true,"href":"https:\/\/www.museuhistoricosl.com.br\/loja\/wp-json\/wp\/v2\/media\/50969"}],"wp:attachment":[{"href":"https:\/\/www.museuhistoricosl.com.br\/loja\/wp-json\/wp\/v2\/media?parent=50970"}],"wp:term":[{"taxonomy":"product_cat","embeddable":true,"href":"https:\/\/www.museuhistoricosl.com.br\/loja\/wp-json\/wp\/v2\/product_cat?post=50970"},{"taxonomy":"product_tag","embeddable":true,"href":"https:\/\/www.museuhistoricosl.com.br\/loja\/wp-json\/wp\/v2\/product_tag?post=50970"}],"curies":[{"name":"wp","href":"https:\/\/api.w.org\/{rel}","templated":true}]}}