{"id":50821,"date":"2022-01-24T09:37:51","date_gmt":"2022-01-24T12:37:51","guid":{"rendered":"https:\/\/www.museuhistoricosl.com.br\/loja\/produto\/sl124-fd-0019\/"},"modified":"2022-01-24T09:37:51","modified_gmt":"2022-01-24T12:37:51","slug":"sl124-fd-0019","status":"publish","type":"product","link":"https:\/\/www.museuhistoricosl.com.br\/loja\/produto\/sl124-fd-0019\/","title":{"rendered":"SL124-FD-0019"},"content":{"rendered":"<p>Sem identifica\u00e7\u00e3o  &#8211; C\u00f3digo anterior de cat\u00e1logo:FD PC-19; Pra\u00e7a do Imigrante &#8211; S\u00e3o Leopoldo; <\/p>\n","protected":false},"excerpt":{"rendered":"<p>Sem identifica\u00e7\u00e3o &#8211; C\u00f3digo anterior de cat\u00e1logo:FD PC-19; Pra\u00e7a do Imigrante &#8211; S\u00e3o Leopoldo;<\/p>\n","protected":false},"featured_media":50820,"comment_status":"open","ping_status":"closed","template":"","meta":{"_acf_changed":false},"product_cat":[113],"product_tag":[],"class_list":["post-50821","product","type-product","status-publish","has-post-thumbnail","hentry","product_cat-praca-do-imigrante-sao-leopoldo"],"acf":[],"_links":{"self":[{"href":"https:\/\/www.museuhistoricosl.com.br\/loja\/wp-json\/wp\/v2\/product\/50821","targetHints":{"allow":["GET"]}}],"collection":[{"href":"https:\/\/www.museuhistoricosl.com.br\/loja\/wp-json\/wp\/v2\/product"}],"about":[{"href":"https:\/\/www.museuhistoricosl.com.br\/loja\/wp-json\/wp\/v2\/types\/product"}],"replies":[{"embeddable":true,"href":"https:\/\/www.museuhistoricosl.com.br\/loja\/wp-json\/wp\/v2\/comments?post=50821"}],"wp:featuredmedia":[{"embeddable":true,"href":"https:\/\/www.museuhistoricosl.com.br\/loja\/wp-json\/wp\/v2\/media\/50820"}],"wp:attachment":[{"href":"https:\/\/www.museuhistoricosl.com.br\/loja\/wp-json\/wp\/v2\/media?parent=50821"}],"wp:term":[{"taxonomy":"product_cat","embeddable":true,"href":"https:\/\/www.museuhistoricosl.com.br\/loja\/wp-json\/wp\/v2\/product_cat?post=50821"},{"taxonomy":"product_tag","embeddable":true,"href":"https:\/\/www.museuhistoricosl.com.br\/loja\/wp-json\/wp\/v2\/product_tag?post=50821"}],"curies":[{"name":"wp","href":"https:\/\/api.w.org\/{rel}","templated":true}]}}