{"id":50702,"date":"2022-01-24T09:27:01","date_gmt":"2022-01-24T12:27:01","guid":{"rendered":"https:\/\/www.museuhistoricosl.com.br\/loja\/produto\/rs079-fd-0939\/"},"modified":"2022-01-24T09:27:01","modified_gmt":"2022-01-24T12:27:01","slug":"rs079-fd-0939","status":"publish","type":"product","link":"https:\/\/www.museuhistoricosl.com.br\/loja\/produto\/rs079-fd-0939\/","title":{"rendered":"RS079-FD-0939"},"content":{"rendered":"<p>Lembran\u00e7a da Exposi\u00e7\u00e3o Estadual em Porto Alegre &#8211; C\u00f3digo anterior de cat\u00e1logo:FD PAIII-139; Porto Alegre; <\/p>\n","protected":false},"excerpt":{"rendered":"<p>Lembran\u00e7a da Exposi\u00e7\u00e3o Estadual em Porto Alegre &#8211; C\u00f3digo anterior de cat\u00e1logo:FD PAIII-139; Porto Alegre;<\/p>\n","protected":false},"featured_media":50701,"comment_status":"open","ping_status":"closed","template":"","meta":{"_acf_changed":false},"product_cat":[112],"product_tag":[],"class_list":["post-50702","product","type-product","status-publish","has-post-thumbnail","hentry","product_cat-porto-alegre"],"acf":[],"_links":{"self":[{"href":"https:\/\/www.museuhistoricosl.com.br\/loja\/wp-json\/wp\/v2\/product\/50702","targetHints":{"allow":["GET"]}}],"collection":[{"href":"https:\/\/www.museuhistoricosl.com.br\/loja\/wp-json\/wp\/v2\/product"}],"about":[{"href":"https:\/\/www.museuhistoricosl.com.br\/loja\/wp-json\/wp\/v2\/types\/product"}],"replies":[{"embeddable":true,"href":"https:\/\/www.museuhistoricosl.com.br\/loja\/wp-json\/wp\/v2\/comments?post=50702"}],"wp:featuredmedia":[{"embeddable":true,"href":"https:\/\/www.museuhistoricosl.com.br\/loja\/wp-json\/wp\/v2\/media\/50701"}],"wp:attachment":[{"href":"https:\/\/www.museuhistoricosl.com.br\/loja\/wp-json\/wp\/v2\/media?parent=50702"}],"wp:term":[{"taxonomy":"product_cat","embeddable":true,"href":"https:\/\/www.museuhistoricosl.com.br\/loja\/wp-json\/wp\/v2\/product_cat?post=50702"},{"taxonomy":"product_tag","embeddable":true,"href":"https:\/\/www.museuhistoricosl.com.br\/loja\/wp-json\/wp\/v2\/product_tag?post=50702"}],"curies":[{"name":"wp","href":"https:\/\/api.w.org\/{rel}","templated":true}]}}