{"id":49342,"date":"2022-01-24T09:10:26","date_gmt":"2022-01-24T12:10:26","guid":{"rendered":"https:\/\/www.museuhistoricosl.com.br\/loja\/produto\/rs075-fd-0013\/"},"modified":"2022-01-24T09:10:26","modified_gmt":"2022-01-24T12:10:26","slug":"rs075-fd-0013","status":"publish","type":"product","link":"https:\/\/www.museuhistoricosl.com.br\/loja\/produto\/rs075-fd-0013\/","title":{"rendered":"RS075-FD-0013"},"content":{"rendered":"<p>Enchente de Maio de 1941, Avenida Germania, F\u00e1brica Neugebauer, Fabrica\u00e7\u00e3o de biscoutos &#8211; C\u00f3digo anterior de cat\u00e1logo:RS075-FD-FD-0013; Porto Alegre; <\/p>\n","protected":false},"excerpt":{"rendered":"<p>Enchente de Maio de 1941, Avenida Germania, F\u00e1brica Neugebauer, Fabrica\u00e7\u00e3o de biscoutos &#8211; C\u00f3digo anterior de cat\u00e1logo:RS075-FD-FD-0013; Porto Alegre;<\/p>\n","protected":false},"featured_media":49341,"comment_status":"open","ping_status":"closed","template":"","meta":{"_acf_changed":false},"product_cat":[112],"product_tag":[],"class_list":["post-49342","product","type-product","status-publish","has-post-thumbnail","hentry","product_cat-porto-alegre"],"acf":[],"_links":{"self":[{"href":"https:\/\/www.museuhistoricosl.com.br\/loja\/wp-json\/wp\/v2\/product\/49342","targetHints":{"allow":["GET"]}}],"collection":[{"href":"https:\/\/www.museuhistoricosl.com.br\/loja\/wp-json\/wp\/v2\/product"}],"about":[{"href":"https:\/\/www.museuhistoricosl.com.br\/loja\/wp-json\/wp\/v2\/types\/product"}],"replies":[{"embeddable":true,"href":"https:\/\/www.museuhistoricosl.com.br\/loja\/wp-json\/wp\/v2\/comments?post=49342"}],"wp:featuredmedia":[{"embeddable":true,"href":"https:\/\/www.museuhistoricosl.com.br\/loja\/wp-json\/wp\/v2\/media\/49341"}],"wp:attachment":[{"href":"https:\/\/www.museuhistoricosl.com.br\/loja\/wp-json\/wp\/v2\/media?parent=49342"}],"wp:term":[{"taxonomy":"product_cat","embeddable":true,"href":"https:\/\/www.museuhistoricosl.com.br\/loja\/wp-json\/wp\/v2\/product_cat?post=49342"},{"taxonomy":"product_tag","embeddable":true,"href":"https:\/\/www.museuhistoricosl.com.br\/loja\/wp-json\/wp\/v2\/product_tag?post=49342"}],"curies":[{"name":"wp","href":"https:\/\/api.w.org\/{rel}","templated":true}]}}