{"id":49274,"date":"2022-01-21T11:21:10","date_gmt":"2022-01-21T14:21:10","guid":{"rendered":"https:\/\/www.museuhistoricosl.com.br\/loja\/produto\/sl082-fd-1537\/"},"modified":"2022-01-21T11:21:10","modified_gmt":"2022-01-21T14:21:10","slug":"sl082-fd-1537","status":"publish","type":"product","link":"https:\/\/www.museuhistoricosl.com.br\/loja\/produto\/sl082-fd-1537\/","title":{"rendered":"SL082-FD-1537"},"content":{"rendered":"<p>Prefeitura, FILAS, esta \u00e9 para pagamento do IPTU em S\u00e3o Leopoldo em 1993, Foto Nilson; Pol\u00edtica S\u00e3o Leopoldo; <\/p>\n","protected":false},"excerpt":{"rendered":"<p>Prefeitura, FILAS, esta \u00e9 para pagamento do IPTU em S\u00e3o Leopoldo em 1993, Foto Nilson; Pol\u00edtica S\u00e3o Leopoldo;<\/p>\n","protected":false},"featured_media":49273,"comment_status":"open","ping_status":"closed","template":"","meta":{"_acf_changed":false},"product_cat":[111],"product_tag":[],"class_list":["post-49274","product","type-product","status-publish","has-post-thumbnail","hentry","product_cat-politica-sao-leopoldo"],"acf":[],"_links":{"self":[{"href":"https:\/\/www.museuhistoricosl.com.br\/loja\/wp-json\/wp\/v2\/product\/49274","targetHints":{"allow":["GET"]}}],"collection":[{"href":"https:\/\/www.museuhistoricosl.com.br\/loja\/wp-json\/wp\/v2\/product"}],"about":[{"href":"https:\/\/www.museuhistoricosl.com.br\/loja\/wp-json\/wp\/v2\/types\/product"}],"replies":[{"embeddable":true,"href":"https:\/\/www.museuhistoricosl.com.br\/loja\/wp-json\/wp\/v2\/comments?post=49274"}],"wp:featuredmedia":[{"embeddable":true,"href":"https:\/\/www.museuhistoricosl.com.br\/loja\/wp-json\/wp\/v2\/media\/49273"}],"wp:attachment":[{"href":"https:\/\/www.museuhistoricosl.com.br\/loja\/wp-json\/wp\/v2\/media?parent=49274"}],"wp:term":[{"taxonomy":"product_cat","embeddable":true,"href":"https:\/\/www.museuhistoricosl.com.br\/loja\/wp-json\/wp\/v2\/product_cat?post=49274"},{"taxonomy":"product_tag","embeddable":true,"href":"https:\/\/www.museuhistoricosl.com.br\/loja\/wp-json\/wp\/v2\/product_tag?post=49274"}],"curies":[{"name":"wp","href":"https:\/\/api.w.org\/{rel}","templated":true}]}}