{"id":49268,"date":"2022-01-21T11:21:07","date_gmt":"2022-01-21T14:21:07","guid":{"rendered":"https:\/\/www.museuhistoricosl.com.br\/loja\/produto\/sl082-fd-1534\/"},"modified":"2022-01-21T11:21:07","modified_gmt":"2022-01-21T14:21:07","slug":"sl082-fd-1534","status":"publish","type":"product","link":"https:\/\/www.museuhistoricosl.com.br\/loja\/produto\/sl082-fd-1534\/","title":{"rendered":"SL082-FD-1534"},"content":{"rendered":"<p>Prefeitura, C\u00e2mara &#8211; Sess\u00e3o solene em homenagem a Rah\u00e1&#8217;u&#8217;llah, Foto Nilson; Pol\u00edtica S\u00e3o Leopoldo; <\/p>\n","protected":false},"excerpt":{"rendered":"<p>Prefeitura, C\u00e2mara &#8211; Sess\u00e3o solene em homenagem a Rah\u00e1&#8217;u&#8217;llah, Foto Nilson; Pol\u00edtica S\u00e3o Leopoldo;<\/p>\n","protected":false},"featured_media":49267,"comment_status":"open","ping_status":"closed","template":"","meta":{"_acf_changed":false},"product_cat":[111],"product_tag":[],"class_list":["post-49268","product","type-product","status-publish","has-post-thumbnail","hentry","product_cat-politica-sao-leopoldo"],"acf":[],"_links":{"self":[{"href":"https:\/\/www.museuhistoricosl.com.br\/loja\/wp-json\/wp\/v2\/product\/49268","targetHints":{"allow":["GET"]}}],"collection":[{"href":"https:\/\/www.museuhistoricosl.com.br\/loja\/wp-json\/wp\/v2\/product"}],"about":[{"href":"https:\/\/www.museuhistoricosl.com.br\/loja\/wp-json\/wp\/v2\/types\/product"}],"replies":[{"embeddable":true,"href":"https:\/\/www.museuhistoricosl.com.br\/loja\/wp-json\/wp\/v2\/comments?post=49268"}],"wp:featuredmedia":[{"embeddable":true,"href":"https:\/\/www.museuhistoricosl.com.br\/loja\/wp-json\/wp\/v2\/media\/49267"}],"wp:attachment":[{"href":"https:\/\/www.museuhistoricosl.com.br\/loja\/wp-json\/wp\/v2\/media?parent=49268"}],"wp:term":[{"taxonomy":"product_cat","embeddable":true,"href":"https:\/\/www.museuhistoricosl.com.br\/loja\/wp-json\/wp\/v2\/product_cat?post=49268"},{"taxonomy":"product_tag","embeddable":true,"href":"https:\/\/www.museuhistoricosl.com.br\/loja\/wp-json\/wp\/v2\/product_tag?post=49268"}],"curies":[{"name":"wp","href":"https:\/\/api.w.org\/{rel}","templated":true}]}}