{"id":49158,"date":"2022-01-21T11:19:57","date_gmt":"2022-01-21T14:19:57","guid":{"rendered":"https:\/\/www.museuhistoricosl.com.br\/loja\/produto\/sl082-fd-1479\/"},"modified":"2022-01-21T11:19:57","modified_gmt":"2022-01-21T14:19:57","slug":"sl082-fd-1479","status":"publish","type":"product","link":"https:\/\/www.museuhistoricosl.com.br\/loja\/produto\/sl082-fd-1479\/","title":{"rendered":"SL082-FD-1479"},"content":{"rendered":"<p>Prefeitura, Anivers\u00e1rio Walniyr Rosa Flores, Cely Corr\u00eaa da Silbeira, Helena Scghmidt,  Jeacy Barth, Orilde Zen, Erhy Barbosa, Maria Mendon\u00e7a da Silva, Sonia Franciscorni, 04\/08\/1983; Pol\u00edtica S\u00e3o Leopoldo; <\/p>\n","protected":false},"excerpt":{"rendered":"<p>Prefeitura, Anivers\u00e1rio Walniyr Rosa Flores, Cely Corr\u00eaa da Silbeira, Helena Scghmidt, Jeacy Barth, Orilde Zen, Erhy Barbosa, Maria Mendon\u00e7a da<\/p>\n","protected":false},"featured_media":49157,"comment_status":"open","ping_status":"closed","template":"","meta":{"_acf_changed":false},"product_cat":[111],"product_tag":[],"class_list":["post-49158","product","type-product","status-publish","has-post-thumbnail","hentry","product_cat-politica-sao-leopoldo"],"acf":[],"_links":{"self":[{"href":"https:\/\/www.museuhistoricosl.com.br\/loja\/wp-json\/wp\/v2\/product\/49158","targetHints":{"allow":["GET"]}}],"collection":[{"href":"https:\/\/www.museuhistoricosl.com.br\/loja\/wp-json\/wp\/v2\/product"}],"about":[{"href":"https:\/\/www.museuhistoricosl.com.br\/loja\/wp-json\/wp\/v2\/types\/product"}],"replies":[{"embeddable":true,"href":"https:\/\/www.museuhistoricosl.com.br\/loja\/wp-json\/wp\/v2\/comments?post=49158"}],"wp:featuredmedia":[{"embeddable":true,"href":"https:\/\/www.museuhistoricosl.com.br\/loja\/wp-json\/wp\/v2\/media\/49157"}],"wp:attachment":[{"href":"https:\/\/www.museuhistoricosl.com.br\/loja\/wp-json\/wp\/v2\/media?parent=49158"}],"wp:term":[{"taxonomy":"product_cat","embeddable":true,"href":"https:\/\/www.museuhistoricosl.com.br\/loja\/wp-json\/wp\/v2\/product_cat?post=49158"},{"taxonomy":"product_tag","embeddable":true,"href":"https:\/\/www.museuhistoricosl.com.br\/loja\/wp-json\/wp\/v2\/product_tag?post=49158"}],"curies":[{"name":"wp","href":"https:\/\/api.w.org\/{rel}","templated":true}]}}