{"id":4854,"date":"2021-12-16T15:09:15","date_gmt":"2021-12-16T18:09:15","guid":{"rendered":"https:\/\/www.museuhistoricosl.com.br\/novosite\/produto\/sl031-fd-0365\/"},"modified":"2021-12-16T15:09:15","modified_gmt":"2021-12-16T18:09:15","slug":"sl031-fd-0365","status":"publish","type":"product","link":"https:\/\/www.museuhistoricosl.com.br\/loja\/produto\/sl031-fd-0365\/","title":{"rendered":"SL031-FD-0365"},"content":{"rendered":"<p>Enchente, Acho que \u00e9 a Rua Marqu\u00eas do Herval, 1\u00aa esquina da Fda D\u00f6rnte Fontoura. Casa comercial de D\u00f6rnte e Bier. O sobrado da Elsa em frente ainda n\u00e3o tinha., 2\u00aa casa que pertencia a fam\u00edlia Schali, onde em 1943 n\u00f3s moravamos, j\u00e1 m\u00eas s\u00f3, a rua com gramzos; Enchentes; <\/p>\n","protected":false},"excerpt":{"rendered":"<p>Enchente, Acho que \u00e9 a Rua Marqu\u00eas do Herval, 1\u00aa esquina da Fda D\u00f6rnte Fontoura. Casa comercial de D\u00f6rnte e<\/p>\n","protected":false},"featured_media":4853,"comment_status":"open","ping_status":"closed","template":"","meta":{"_acf_changed":false},"product_cat":[39],"product_tag":[],"class_list":["post-4854","product","type-product","status-publish","has-post-thumbnail","hentry","product_cat-enchentes"],"acf":[],"_links":{"self":[{"href":"https:\/\/www.museuhistoricosl.com.br\/loja\/wp-json\/wp\/v2\/product\/4854","targetHints":{"allow":["GET"]}}],"collection":[{"href":"https:\/\/www.museuhistoricosl.com.br\/loja\/wp-json\/wp\/v2\/product"}],"about":[{"href":"https:\/\/www.museuhistoricosl.com.br\/loja\/wp-json\/wp\/v2\/types\/product"}],"replies":[{"embeddable":true,"href":"https:\/\/www.museuhistoricosl.com.br\/loja\/wp-json\/wp\/v2\/comments?post=4854"}],"wp:featuredmedia":[{"embeddable":true,"href":"https:\/\/www.museuhistoricosl.com.br\/loja\/wp-json\/wp\/v2\/media\/4853"}],"wp:attachment":[{"href":"https:\/\/www.museuhistoricosl.com.br\/loja\/wp-json\/wp\/v2\/media?parent=4854"}],"wp:term":[{"taxonomy":"product_cat","embeddable":true,"href":"https:\/\/www.museuhistoricosl.com.br\/loja\/wp-json\/wp\/v2\/product_cat?post=4854"},{"taxonomy":"product_tag","embeddable":true,"href":"https:\/\/www.museuhistoricosl.com.br\/loja\/wp-json\/wp\/v2\/product_tag?post=4854"}],"curies":[{"name":"wp","href":"https:\/\/api.w.org\/{rel}","templated":true}]}}