{"id":4718,"date":"2021-12-16T15:08:37","date_gmt":"2021-12-16T18:08:37","guid":{"rendered":"https:\/\/www.museuhistoricosl.com.br\/novosite\/produto\/sl031-fd-0086\/"},"modified":"2021-12-16T15:08:37","modified_gmt":"2021-12-16T18:08:37","slug":"sl031-fd-0086","status":"publish","type":"product","link":"https:\/\/www.museuhistoricosl.com.br\/loja\/produto\/sl031-fd-0086\/","title":{"rendered":"SL031-FD-0086"},"content":{"rendered":"<p>Enchente Arroio Cadeia. S\u00e3o Sebasti\u00e3o do Ca\u00ed. 1928. &#8211; C\u00f3digo anterior de cat\u00e1logo:FD 31,86; Enchentes; <\/p>\n","protected":false},"excerpt":{"rendered":"<p>Enchente Arroio Cadeia. S\u00e3o Sebasti\u00e3o do Ca\u00ed. 1928. &#8211; C\u00f3digo anterior de cat\u00e1logo:FD 31,86; Enchentes;<\/p>\n","protected":false},"featured_media":4717,"comment_status":"open","ping_status":"closed","template":"","meta":{"_acf_changed":false},"product_cat":[39],"product_tag":[],"class_list":["post-4718","product","type-product","status-publish","has-post-thumbnail","hentry","product_cat-enchentes"],"acf":[],"_links":{"self":[{"href":"https:\/\/www.museuhistoricosl.com.br\/loja\/wp-json\/wp\/v2\/product\/4718","targetHints":{"allow":["GET"]}}],"collection":[{"href":"https:\/\/www.museuhistoricosl.com.br\/loja\/wp-json\/wp\/v2\/product"}],"about":[{"href":"https:\/\/www.museuhistoricosl.com.br\/loja\/wp-json\/wp\/v2\/types\/product"}],"replies":[{"embeddable":true,"href":"https:\/\/www.museuhistoricosl.com.br\/loja\/wp-json\/wp\/v2\/comments?post=4718"}],"wp:featuredmedia":[{"embeddable":true,"href":"https:\/\/www.museuhistoricosl.com.br\/loja\/wp-json\/wp\/v2\/media\/4717"}],"wp:attachment":[{"href":"https:\/\/www.museuhistoricosl.com.br\/loja\/wp-json\/wp\/v2\/media?parent=4718"}],"wp:term":[{"taxonomy":"product_cat","embeddable":true,"href":"https:\/\/www.museuhistoricosl.com.br\/loja\/wp-json\/wp\/v2\/product_cat?post=4718"},{"taxonomy":"product_tag","embeddable":true,"href":"https:\/\/www.museuhistoricosl.com.br\/loja\/wp-json\/wp\/v2\/product_tag?post=4718"}],"curies":[{"name":"wp","href":"https:\/\/api.w.org\/{rel}","templated":true}]}}