{"id":4670,"date":"2021-12-16T15:08:29","date_gmt":"2021-12-16T18:08:29","guid":{"rendered":"https:\/\/www.museuhistoricosl.com.br\/novosite\/produto\/sl031-fd-0008\/"},"modified":"2021-12-16T15:08:29","modified_gmt":"2021-12-16T18:08:29","slug":"sl031-fd-0008","status":"publish","type":"product","link":"https:\/\/www.museuhistoricosl.com.br\/loja\/produto\/sl031-fd-0008\/","title":{"rendered":"SL031-FD-0008"},"content":{"rendered":"<p>Enchente maio de 1941. Pra\u00e7a dos Brinquedos com vista sobre a esquina da Rua S\u00e3o Joaquim com a Presidente Roosevelt. &#8211; C\u00f3digo anterior de cat\u00e1logo:FD 31,8; Enchentes; <\/p>\n","protected":false},"excerpt":{"rendered":"<p>Enchente maio de 1941. Pra\u00e7a dos Brinquedos com vista sobre a esquina da Rua S\u00e3o Joaquim com a Presidente Roosevelt.<\/p>\n","protected":false},"featured_media":4669,"comment_status":"open","ping_status":"closed","template":"","meta":{"_acf_changed":false},"product_cat":[39],"product_tag":[],"class_list":["post-4670","product","type-product","status-publish","has-post-thumbnail","hentry","product_cat-enchentes"],"acf":[],"_links":{"self":[{"href":"https:\/\/www.museuhistoricosl.com.br\/loja\/wp-json\/wp\/v2\/product\/4670","targetHints":{"allow":["GET"]}}],"collection":[{"href":"https:\/\/www.museuhistoricosl.com.br\/loja\/wp-json\/wp\/v2\/product"}],"about":[{"href":"https:\/\/www.museuhistoricosl.com.br\/loja\/wp-json\/wp\/v2\/types\/product"}],"replies":[{"embeddable":true,"href":"https:\/\/www.museuhistoricosl.com.br\/loja\/wp-json\/wp\/v2\/comments?post=4670"}],"wp:featuredmedia":[{"embeddable":true,"href":"https:\/\/www.museuhistoricosl.com.br\/loja\/wp-json\/wp\/v2\/media\/4669"}],"wp:attachment":[{"href":"https:\/\/www.museuhistoricosl.com.br\/loja\/wp-json\/wp\/v2\/media?parent=4670"}],"wp:term":[{"taxonomy":"product_cat","embeddable":true,"href":"https:\/\/www.museuhistoricosl.com.br\/loja\/wp-json\/wp\/v2\/product_cat?post=4670"},{"taxonomy":"product_tag","embeddable":true,"href":"https:\/\/www.museuhistoricosl.com.br\/loja\/wp-json\/wp\/v2\/product_tag?post=4670"}],"curies":[{"name":"wp","href":"https:\/\/api.w.org\/{rel}","templated":true}]}}