{"id":46348,"date":"2022-01-21T10:51:24","date_gmt":"2022-01-21T13:51:24","guid":{"rendered":"https:\/\/www.museuhistoricosl.com.br\/loja\/produto\/sl082-fd-0073\/"},"modified":"2022-01-21T10:51:24","modified_gmt":"2022-01-21T13:51:24","slug":"sl082-fd-0073","status":"publish","type":"product","link":"https:\/\/www.museuhistoricosl.com.br\/loja\/produto\/sl082-fd-0073\/","title":{"rendered":"SL082-FD-0073"},"content":{"rendered":"<p>Pol\u00edticos, Maria Fro\u00e9s, Helena Schmidt e Silvia Koeh no palanque; Pol\u00edtica S\u00e3o Leopoldo; <\/p>\n","protected":false},"excerpt":{"rendered":"<p>Pol\u00edticos, Maria Fro\u00e9s, Helena Schmidt e Silvia Koeh no palanque; Pol\u00edtica S\u00e3o Leopoldo;<\/p>\n","protected":false},"featured_media":46347,"comment_status":"open","ping_status":"closed","template":"","meta":{"_acf_changed":false},"product_cat":[111],"product_tag":[],"class_list":["post-46348","product","type-product","status-publish","has-post-thumbnail","hentry","product_cat-politica-sao-leopoldo"],"acf":[],"_links":{"self":[{"href":"https:\/\/www.museuhistoricosl.com.br\/loja\/wp-json\/wp\/v2\/product\/46348","targetHints":{"allow":["GET"]}}],"collection":[{"href":"https:\/\/www.museuhistoricosl.com.br\/loja\/wp-json\/wp\/v2\/product"}],"about":[{"href":"https:\/\/www.museuhistoricosl.com.br\/loja\/wp-json\/wp\/v2\/types\/product"}],"replies":[{"embeddable":true,"href":"https:\/\/www.museuhistoricosl.com.br\/loja\/wp-json\/wp\/v2\/comments?post=46348"}],"wp:featuredmedia":[{"embeddable":true,"href":"https:\/\/www.museuhistoricosl.com.br\/loja\/wp-json\/wp\/v2\/media\/46347"}],"wp:attachment":[{"href":"https:\/\/www.museuhistoricosl.com.br\/loja\/wp-json\/wp\/v2\/media?parent=46348"}],"wp:term":[{"taxonomy":"product_cat","embeddable":true,"href":"https:\/\/www.museuhistoricosl.com.br\/loja\/wp-json\/wp\/v2\/product_cat?post=46348"},{"taxonomy":"product_tag","embeddable":true,"href":"https:\/\/www.museuhistoricosl.com.br\/loja\/wp-json\/wp\/v2\/product_tag?post=46348"}],"curies":[{"name":"wp","href":"https:\/\/api.w.org\/{rel}","templated":true}]}}