{"id":46254,"date":"2022-01-21T10:50:25","date_gmt":"2022-01-21T13:50:25","guid":{"rendered":"https:\/\/www.museuhistoricosl.com.br\/loja\/produto\/sl082-fd-0026\/"},"modified":"2022-01-21T10:50:25","modified_gmt":"2022-01-21T13:50:25","slug":"sl082-fd-0026","status":"publish","type":"product","link":"https:\/\/www.museuhistoricosl.com.br\/loja\/produto\/sl082-fd-0026\/","title":{"rendered":"SL082-FD-0026"},"content":{"rendered":"<p>Palestra Telmo L. M\u00fcller. &#8211; C\u00f3digo anterior de cat\u00e1logo:FD 82-26; Pol\u00edtica S\u00e3o Leopoldo; <\/p>\n","protected":false},"excerpt":{"rendered":"<p>Palestra Telmo L. M\u00fcller. &#8211; C\u00f3digo anterior de cat\u00e1logo:FD 82-26; Pol\u00edtica S\u00e3o Leopoldo;<\/p>\n","protected":false},"featured_media":46253,"comment_status":"open","ping_status":"closed","template":"","meta":{"_acf_changed":false},"product_cat":[111],"product_tag":[],"class_list":["post-46254","product","type-product","status-publish","has-post-thumbnail","hentry","product_cat-politica-sao-leopoldo"],"acf":[],"_links":{"self":[{"href":"https:\/\/www.museuhistoricosl.com.br\/loja\/wp-json\/wp\/v2\/product\/46254","targetHints":{"allow":["GET"]}}],"collection":[{"href":"https:\/\/www.museuhistoricosl.com.br\/loja\/wp-json\/wp\/v2\/product"}],"about":[{"href":"https:\/\/www.museuhistoricosl.com.br\/loja\/wp-json\/wp\/v2\/types\/product"}],"replies":[{"embeddable":true,"href":"https:\/\/www.museuhistoricosl.com.br\/loja\/wp-json\/wp\/v2\/comments?post=46254"}],"wp:featuredmedia":[{"embeddable":true,"href":"https:\/\/www.museuhistoricosl.com.br\/loja\/wp-json\/wp\/v2\/media\/46253"}],"wp:attachment":[{"href":"https:\/\/www.museuhistoricosl.com.br\/loja\/wp-json\/wp\/v2\/media?parent=46254"}],"wp:term":[{"taxonomy":"product_cat","embeddable":true,"href":"https:\/\/www.museuhistoricosl.com.br\/loja\/wp-json\/wp\/v2\/product_cat?post=46254"},{"taxonomy":"product_tag","embeddable":true,"href":"https:\/\/www.museuhistoricosl.com.br\/loja\/wp-json\/wp\/v2\/product_tag?post=46254"}],"curies":[{"name":"wp","href":"https:\/\/api.w.org\/{rel}","templated":true}]}}