{"id":45177,"date":"2022-01-21T10:25:50","date_gmt":"2022-01-21T13:25:50","guid":{"rendered":"https:\/\/www.museuhistoricosl.com.br\/loja\/produto\/sl074-fd-0061\/"},"modified":"2022-01-21T10:25:50","modified_gmt":"2022-01-21T13:25:50","slug":"sl074-fd-0061","status":"publish","type":"product","link":"https:\/\/www.museuhistoricosl.com.br\/loja\/produto\/sl074-fd-0061\/","title":{"rendered":"SL074-FD-0061"},"content":{"rendered":"<p>Crian\u00e7a vestida \u00e0 ga\u00facha, Rui Gon\u00e7alves Brochier, 1930 +-; Pessoas n\u00e3o identificadas; <\/p>\n","protected":false},"excerpt":{"rendered":"<p>Crian\u00e7a vestida \u00e0 ga\u00facha, Rui Gon\u00e7alves Brochier, 1930 +-; Pessoas n\u00e3o identificadas;<\/p>\n","protected":false},"featured_media":45176,"comment_status":"open","ping_status":"closed","template":"","meta":{"_acf_changed":false},"product_cat":[110],"product_tag":[],"class_list":["post-45177","product","type-product","status-publish","has-post-thumbnail","hentry","product_cat-pessoas-nao-identificadas"],"acf":[],"_links":{"self":[{"href":"https:\/\/www.museuhistoricosl.com.br\/loja\/wp-json\/wp\/v2\/product\/45177","targetHints":{"allow":["GET"]}}],"collection":[{"href":"https:\/\/www.museuhistoricosl.com.br\/loja\/wp-json\/wp\/v2\/product"}],"about":[{"href":"https:\/\/www.museuhistoricosl.com.br\/loja\/wp-json\/wp\/v2\/types\/product"}],"replies":[{"embeddable":true,"href":"https:\/\/www.museuhistoricosl.com.br\/loja\/wp-json\/wp\/v2\/comments?post=45177"}],"wp:featuredmedia":[{"embeddable":true,"href":"https:\/\/www.museuhistoricosl.com.br\/loja\/wp-json\/wp\/v2\/media\/45176"}],"wp:attachment":[{"href":"https:\/\/www.museuhistoricosl.com.br\/loja\/wp-json\/wp\/v2\/media?parent=45177"}],"wp:term":[{"taxonomy":"product_cat","embeddable":true,"href":"https:\/\/www.museuhistoricosl.com.br\/loja\/wp-json\/wp\/v2\/product_cat?post=45177"},{"taxonomy":"product_tag","embeddable":true,"href":"https:\/\/www.museuhistoricosl.com.br\/loja\/wp-json\/wp\/v2\/product_tag?post=45177"}],"curies":[{"name":"wp","href":"https:\/\/api.w.org\/{rel}","templated":true}]}}