{"id":45167,"date":"2022-01-21T10:25:40","date_gmt":"2022-01-21T13:25:40","guid":{"rendered":"https:\/\/www.museuhistoricosl.com.br\/loja\/produto\/sl074-fd-0056\/"},"modified":"2022-01-21T10:25:40","modified_gmt":"2022-01-21T13:25:40","slug":"sl074-fd-0056","status":"publish","type":"product","link":"https:\/\/www.museuhistoricosl.com.br\/loja\/produto\/sl074-fd-0056\/","title":{"rendered":"SL074-FD-0056"},"content":{"rendered":"<p>sem informa\u00e7\u00e3o; Pessoas n\u00e3o identificadas; <\/p>\n","protected":false},"excerpt":{"rendered":"<p>sem informa\u00e7\u00e3o; Pessoas n\u00e3o identificadas;<\/p>\n","protected":false},"featured_media":45166,"comment_status":"open","ping_status":"closed","template":"","meta":{"_acf_changed":false},"product_cat":[110],"product_tag":[],"class_list":["post-45167","product","type-product","status-publish","has-post-thumbnail","hentry","product_cat-pessoas-nao-identificadas"],"acf":[],"_links":{"self":[{"href":"https:\/\/www.museuhistoricosl.com.br\/loja\/wp-json\/wp\/v2\/product\/45167","targetHints":{"allow":["GET"]}}],"collection":[{"href":"https:\/\/www.museuhistoricosl.com.br\/loja\/wp-json\/wp\/v2\/product"}],"about":[{"href":"https:\/\/www.museuhistoricosl.com.br\/loja\/wp-json\/wp\/v2\/types\/product"}],"replies":[{"embeddable":true,"href":"https:\/\/www.museuhistoricosl.com.br\/loja\/wp-json\/wp\/v2\/comments?post=45167"}],"wp:featuredmedia":[{"embeddable":true,"href":"https:\/\/www.museuhistoricosl.com.br\/loja\/wp-json\/wp\/v2\/media\/45166"}],"wp:attachment":[{"href":"https:\/\/www.museuhistoricosl.com.br\/loja\/wp-json\/wp\/v2\/media?parent=45167"}],"wp:term":[{"taxonomy":"product_cat","embeddable":true,"href":"https:\/\/www.museuhistoricosl.com.br\/loja\/wp-json\/wp\/v2\/product_cat?post=45167"},{"taxonomy":"product_tag","embeddable":true,"href":"https:\/\/www.museuhistoricosl.com.br\/loja\/wp-json\/wp\/v2\/product_tag?post=45167"}],"curies":[{"name":"wp","href":"https:\/\/api.w.org\/{rel}","templated":true}]}}