{"id":45145,"date":"2022-01-21T10:25:27","date_gmt":"2022-01-21T13:25:27","guid":{"rendered":"https:\/\/www.museuhistoricosl.com.br\/loja\/produto\/sl074-fd-0045\/"},"modified":"2022-01-21T10:25:27","modified_gmt":"2022-01-21T13:25:27","slug":"sl074-fd-0045","status":"publish","type":"product","link":"https:\/\/www.museuhistoricosl.com.br\/loja\/produto\/sl074-fd-0045\/","title":{"rendered":"SL074-FD-0045"},"content":{"rendered":"<p>S\u00e3o Leopoldo, Vista a\u00e9rea, a direita BR-116, ao centro, ponte 25 de julho, ao fundo, centro da cidade; Pessoas n\u00e3o identificadas; <\/p>\n","protected":false},"excerpt":{"rendered":"<p>S\u00e3o Leopoldo, Vista a\u00e9rea, a direita BR-116, ao centro, ponte 25 de julho, ao fundo, centro da cidade; Pessoas n\u00e3o<\/p>\n","protected":false},"featured_media":45144,"comment_status":"open","ping_status":"closed","template":"","meta":{"_acf_changed":false},"product_cat":[110],"product_tag":[],"class_list":["post-45145","product","type-product","status-publish","has-post-thumbnail","hentry","product_cat-pessoas-nao-identificadas"],"acf":[],"_links":{"self":[{"href":"https:\/\/www.museuhistoricosl.com.br\/loja\/wp-json\/wp\/v2\/product\/45145","targetHints":{"allow":["GET"]}}],"collection":[{"href":"https:\/\/www.museuhistoricosl.com.br\/loja\/wp-json\/wp\/v2\/product"}],"about":[{"href":"https:\/\/www.museuhistoricosl.com.br\/loja\/wp-json\/wp\/v2\/types\/product"}],"replies":[{"embeddable":true,"href":"https:\/\/www.museuhistoricosl.com.br\/loja\/wp-json\/wp\/v2\/comments?post=45145"}],"wp:featuredmedia":[{"embeddable":true,"href":"https:\/\/www.museuhistoricosl.com.br\/loja\/wp-json\/wp\/v2\/media\/45144"}],"wp:attachment":[{"href":"https:\/\/www.museuhistoricosl.com.br\/loja\/wp-json\/wp\/v2\/media?parent=45145"}],"wp:term":[{"taxonomy":"product_cat","embeddable":true,"href":"https:\/\/www.museuhistoricosl.com.br\/loja\/wp-json\/wp\/v2\/product_cat?post=45145"},{"taxonomy":"product_tag","embeddable":true,"href":"https:\/\/www.museuhistoricosl.com.br\/loja\/wp-json\/wp\/v2\/product_tag?post=45145"}],"curies":[{"name":"wp","href":"https:\/\/api.w.org\/{rel}","templated":true}]}}