{"id":45083,"date":"2022-01-21T10:24:54","date_gmt":"2022-01-21T13:24:54","guid":{"rendered":"https:\/\/www.museuhistoricosl.com.br\/loja\/produto\/sl074-fd-0014\/"},"modified":"2022-01-21T10:24:54","modified_gmt":"2022-01-21T13:24:54","slug":"sl074-fd-0014","status":"publish","type":"product","link":"https:\/\/www.museuhistoricosl.com.br\/loja\/produto\/sl074-fd-0014\/","title":{"rendered":"SL074-FD-0014"},"content":{"rendered":"<p>sem informa\u00e7\u00e3o; Pessoas n\u00e3o identificadas; <\/p>\n","protected":false},"excerpt":{"rendered":"<p>sem informa\u00e7\u00e3o; Pessoas n\u00e3o identificadas;<\/p>\n","protected":false},"featured_media":45082,"comment_status":"open","ping_status":"closed","template":"","meta":{"_acf_changed":false},"product_cat":[110],"product_tag":[],"class_list":["post-45083","product","type-product","status-publish","has-post-thumbnail","hentry","product_cat-pessoas-nao-identificadas"],"acf":[],"_links":{"self":[{"href":"https:\/\/www.museuhistoricosl.com.br\/loja\/wp-json\/wp\/v2\/product\/45083","targetHints":{"allow":["GET"]}}],"collection":[{"href":"https:\/\/www.museuhistoricosl.com.br\/loja\/wp-json\/wp\/v2\/product"}],"about":[{"href":"https:\/\/www.museuhistoricosl.com.br\/loja\/wp-json\/wp\/v2\/types\/product"}],"replies":[{"embeddable":true,"href":"https:\/\/www.museuhistoricosl.com.br\/loja\/wp-json\/wp\/v2\/comments?post=45083"}],"wp:featuredmedia":[{"embeddable":true,"href":"https:\/\/www.museuhistoricosl.com.br\/loja\/wp-json\/wp\/v2\/media\/45082"}],"wp:attachment":[{"href":"https:\/\/www.museuhistoricosl.com.br\/loja\/wp-json\/wp\/v2\/media?parent=45083"}],"wp:term":[{"taxonomy":"product_cat","embeddable":true,"href":"https:\/\/www.museuhistoricosl.com.br\/loja\/wp-json\/wp\/v2\/product_cat?post=45083"},{"taxonomy":"product_tag","embeddable":true,"href":"https:\/\/www.museuhistoricosl.com.br\/loja\/wp-json\/wp\/v2\/product_tag?post=45083"}],"curies":[{"name":"wp","href":"https:\/\/api.w.org\/{rel}","templated":true}]}}