{"id":44179,"date":"2022-01-21T09:57:19","date_gmt":"2022-01-21T12:57:19","guid":{"rendered":"https:\/\/www.museuhistoricosl.com.br\/loja\/produto\/sl106-fd-0004\/"},"modified":"2022-01-21T09:57:19","modified_gmt":"2022-01-21T12:57:19","slug":"sl106-fd-0004","status":"publish","type":"product","link":"https:\/\/www.museuhistoricosl.com.br\/loja\/produto\/sl106-fd-0004\/","title":{"rendered":"SL106-FD-0004"},"content":{"rendered":"<p>Epif\u00e2nio de Paula Foga\u00e7a. Fot\u00f3grafo: Fr. G. Hahnfleisch, S. Leopoldo. Doado por Dr. Carlos de Souza Moraes, em 31.08.1992. &#8211; C\u00f3digo anterior de cat\u00e1logo:FD 106,4; Personalidades pol\u00edticas; <\/p>\n","protected":false},"excerpt":{"rendered":"<p>Epif\u00e2nio de Paula Foga\u00e7a. Fot\u00f3grafo: Fr. G. Hahnfleisch, S. Leopoldo. Doado por Dr. Carlos de Souza Moraes, em 31.08.1992. &#8211;<\/p>\n","protected":false},"featured_media":44178,"comment_status":"open","ping_status":"closed","template":"","meta":{"_acf_changed":false},"product_cat":[108],"product_tag":[],"class_list":["post-44179","product","type-product","status-publish","has-post-thumbnail","hentry","product_cat-personalidades-politicas"],"acf":[],"_links":{"self":[{"href":"https:\/\/www.museuhistoricosl.com.br\/loja\/wp-json\/wp\/v2\/product\/44179","targetHints":{"allow":["GET"]}}],"collection":[{"href":"https:\/\/www.museuhistoricosl.com.br\/loja\/wp-json\/wp\/v2\/product"}],"about":[{"href":"https:\/\/www.museuhistoricosl.com.br\/loja\/wp-json\/wp\/v2\/types\/product"}],"replies":[{"embeddable":true,"href":"https:\/\/www.museuhistoricosl.com.br\/loja\/wp-json\/wp\/v2\/comments?post=44179"}],"wp:featuredmedia":[{"embeddable":true,"href":"https:\/\/www.museuhistoricosl.com.br\/loja\/wp-json\/wp\/v2\/media\/44178"}],"wp:attachment":[{"href":"https:\/\/www.museuhistoricosl.com.br\/loja\/wp-json\/wp\/v2\/media?parent=44179"}],"wp:term":[{"taxonomy":"product_cat","embeddable":true,"href":"https:\/\/www.museuhistoricosl.com.br\/loja\/wp-json\/wp\/v2\/product_cat?post=44179"},{"taxonomy":"product_tag","embeddable":true,"href":"https:\/\/www.museuhistoricosl.com.br\/loja\/wp-json\/wp\/v2\/product_tag?post=44179"}],"curies":[{"name":"wp","href":"https:\/\/api.w.org\/{rel}","templated":true}]}}