{"id":44173,"date":"2022-01-21T09:57:16","date_gmt":"2022-01-21T12:57:16","guid":{"rendered":"https:\/\/www.museuhistoricosl.com.br\/loja\/produto\/sl106-fd-0001\/"},"modified":"2022-01-21T09:57:16","modified_gmt":"2022-01-21T12:57:16","slug":"sl106-fd-0001","status":"publish","type":"product","link":"https:\/\/www.museuhistoricosl.com.br\/loja\/produto\/sl106-fd-0001\/","title":{"rendered":"SL106-FD-0001"},"content":{"rendered":"<p>Homenagem a Lindolfo Collor no Hotel Rio Branco. 1. Jo\u00e3o Hennig, 2. Remy Fonseca, 3. Luiz L. Stabich, Centro: Collor, Theodomiro. &#8211; C\u00f3digo anterior de cat\u00e1logo:FD 106,1; Personalidades pol\u00edticas; <\/p>\n","protected":false},"excerpt":{"rendered":"<p>Homenagem a Lindolfo Collor no Hotel Rio Branco. 1. Jo\u00e3o Hennig, 2. Remy Fonseca, 3. Luiz L. Stabich, Centro: Collor,<\/p>\n","protected":false},"featured_media":44172,"comment_status":"open","ping_status":"closed","template":"","meta":{"_acf_changed":false},"product_cat":[108],"product_tag":[],"class_list":["post-44173","product","type-product","status-publish","has-post-thumbnail","hentry","product_cat-personalidades-politicas"],"acf":[],"_links":{"self":[{"href":"https:\/\/www.museuhistoricosl.com.br\/loja\/wp-json\/wp\/v2\/product\/44173","targetHints":{"allow":["GET"]}}],"collection":[{"href":"https:\/\/www.museuhistoricosl.com.br\/loja\/wp-json\/wp\/v2\/product"}],"about":[{"href":"https:\/\/www.museuhistoricosl.com.br\/loja\/wp-json\/wp\/v2\/types\/product"}],"replies":[{"embeddable":true,"href":"https:\/\/www.museuhistoricosl.com.br\/loja\/wp-json\/wp\/v2\/comments?post=44173"}],"wp:featuredmedia":[{"embeddable":true,"href":"https:\/\/www.museuhistoricosl.com.br\/loja\/wp-json\/wp\/v2\/media\/44172"}],"wp:attachment":[{"href":"https:\/\/www.museuhistoricosl.com.br\/loja\/wp-json\/wp\/v2\/media?parent=44173"}],"wp:term":[{"taxonomy":"product_cat","embeddable":true,"href":"https:\/\/www.museuhistoricosl.com.br\/loja\/wp-json\/wp\/v2\/product_cat?post=44173"},{"taxonomy":"product_tag","embeddable":true,"href":"https:\/\/www.museuhistoricosl.com.br\/loja\/wp-json\/wp\/v2\/product_tag?post=44173"}],"curies":[{"name":"wp","href":"https:\/\/api.w.org\/{rel}","templated":true}]}}