{"id":44134,"date":"2022-01-19T16:06:15","date_gmt":"2022-01-19T19:06:15","guid":{"rendered":"https:\/\/www.museuhistoricosl.com.br\/loja\/produto\/sl049-fd-0135\/"},"modified":"2022-01-19T16:06:15","modified_gmt":"2022-01-19T19:06:15","slug":"sl049-fd-0135","status":"publish","type":"product","link":"https:\/\/www.museuhistoricosl.com.br\/loja\/produto\/sl049-fd-0135\/","title":{"rendered":"SL049-FD-0135"},"content":{"rendered":"<p>Bandinha Real, desfilando por ocasi\u00e3o do 1\u00ba Centen\u00e1rio da Coloniza\u00e7\u00e3o de Nova Petr\u00f3polis, em 1958.  &#8211; C\u00f3digo anterior de cat\u00e1logo:FD 49-135; Outros munic\u00edpios desmembrados de S\u00e3o Leopoldo; <\/p>\n","protected":false},"excerpt":{"rendered":"<p>Bandinha Real, desfilando por ocasi\u00e3o do 1\u00ba Centen\u00e1rio da Coloniza\u00e7\u00e3o de Nova Petr\u00f3polis, em 1958. &#8211; C\u00f3digo anterior de cat\u00e1logo:FD<\/p>\n","protected":false},"featured_media":44133,"comment_status":"open","ping_status":"closed","template":"","meta":{"_acf_changed":false},"product_cat":[107],"product_tag":[],"class_list":["post-44134","product","type-product","status-publish","has-post-thumbnail","hentry","product_cat-outros-municipios-desmembrados-de-sao-leopoldo"],"acf":[],"_links":{"self":[{"href":"https:\/\/www.museuhistoricosl.com.br\/loja\/wp-json\/wp\/v2\/product\/44134","targetHints":{"allow":["GET"]}}],"collection":[{"href":"https:\/\/www.museuhistoricosl.com.br\/loja\/wp-json\/wp\/v2\/product"}],"about":[{"href":"https:\/\/www.museuhistoricosl.com.br\/loja\/wp-json\/wp\/v2\/types\/product"}],"replies":[{"embeddable":true,"href":"https:\/\/www.museuhistoricosl.com.br\/loja\/wp-json\/wp\/v2\/comments?post=44134"}],"wp:featuredmedia":[{"embeddable":true,"href":"https:\/\/www.museuhistoricosl.com.br\/loja\/wp-json\/wp\/v2\/media\/44133"}],"wp:attachment":[{"href":"https:\/\/www.museuhistoricosl.com.br\/loja\/wp-json\/wp\/v2\/media?parent=44134"}],"wp:term":[{"taxonomy":"product_cat","embeddable":true,"href":"https:\/\/www.museuhistoricosl.com.br\/loja\/wp-json\/wp\/v2\/product_cat?post=44134"},{"taxonomy":"product_tag","embeddable":true,"href":"https:\/\/www.museuhistoricosl.com.br\/loja\/wp-json\/wp\/v2\/product_tag?post=44134"}],"curies":[{"name":"wp","href":"https:\/\/api.w.org\/{rel}","templated":true}]}}