{"id":44130,"date":"2022-01-19T16:06:10","date_gmt":"2022-01-19T19:06:10","guid":{"rendered":"https:\/\/www.museuhistoricosl.com.br\/loja\/produto\/sl049-fd-0133\/"},"modified":"2022-01-19T16:06:10","modified_gmt":"2022-01-19T19:06:10","slug":"sl049-fd-0133","status":"publish","type":"product","link":"https:\/\/www.museuhistoricosl.com.br\/loja\/produto\/sl049-fd-0133\/","title":{"rendered":"SL049-FD-0133"},"content":{"rendered":"<p>Sociedade de Tiro ao Alvo de Picada Caf\u00e9, desfilando por ocasi\u00e3o do 1\u00ba Centen\u00e1rio da Coloniza\u00e7\u00e3o de Nova Petr\u00f3polis, em 1958 (Picada Caf\u00e9 se emancipou de Nova Petr\u00f3polis em 20 de mar\u00e7o de 1992). &#8211; C\u00f3digo anterior de cat\u00e1logo:FD 49-133; Outros munic\u00edpios desmembrados de S\u00e3o Leopoldo; <\/p>\n","protected":false},"excerpt":{"rendered":"<p>Sociedade de Tiro ao Alvo de Picada Caf\u00e9, desfilando por ocasi\u00e3o do 1\u00ba Centen\u00e1rio da Coloniza\u00e7\u00e3o de Nova Petr\u00f3polis, em<\/p>\n","protected":false},"featured_media":44129,"comment_status":"open","ping_status":"closed","template":"","meta":{"_acf_changed":false},"product_cat":[107],"product_tag":[],"class_list":["post-44130","product","type-product","status-publish","has-post-thumbnail","hentry","product_cat-outros-municipios-desmembrados-de-sao-leopoldo"],"acf":[],"_links":{"self":[{"href":"https:\/\/www.museuhistoricosl.com.br\/loja\/wp-json\/wp\/v2\/product\/44130","targetHints":{"allow":["GET"]}}],"collection":[{"href":"https:\/\/www.museuhistoricosl.com.br\/loja\/wp-json\/wp\/v2\/product"}],"about":[{"href":"https:\/\/www.museuhistoricosl.com.br\/loja\/wp-json\/wp\/v2\/types\/product"}],"replies":[{"embeddable":true,"href":"https:\/\/www.museuhistoricosl.com.br\/loja\/wp-json\/wp\/v2\/comments?post=44130"}],"wp:featuredmedia":[{"embeddable":true,"href":"https:\/\/www.museuhistoricosl.com.br\/loja\/wp-json\/wp\/v2\/media\/44129"}],"wp:attachment":[{"href":"https:\/\/www.museuhistoricosl.com.br\/loja\/wp-json\/wp\/v2\/media?parent=44130"}],"wp:term":[{"taxonomy":"product_cat","embeddable":true,"href":"https:\/\/www.museuhistoricosl.com.br\/loja\/wp-json\/wp\/v2\/product_cat?post=44130"},{"taxonomy":"product_tag","embeddable":true,"href":"https:\/\/www.museuhistoricosl.com.br\/loja\/wp-json\/wp\/v2\/product_tag?post=44130"}],"curies":[{"name":"wp","href":"https:\/\/api.w.org\/{rel}","templated":true}]}}