{"id":44090,"date":"2022-01-19T16:05:47","date_gmt":"2022-01-19T19:05:47","guid":{"rendered":"https:\/\/www.museuhistoricosl.com.br\/loja\/produto\/sl049-fd-0113\/"},"modified":"2022-01-19T16:05:47","modified_gmt":"2022-01-19T19:05:47","slug":"sl049-fd-0113","status":"publish","type":"product","link":"https:\/\/www.museuhistoricosl.com.br\/loja\/produto\/sl049-fd-0113\/","title":{"rendered":"SL049-FD-0113"},"content":{"rendered":"<p>Aspecto da antiga ponte de Joaneta (hoje demolida), ent\u00e3o pertencente \u00e0 Nova Petr\u00f3polis. Joaneta hoje \u00e9 um bairro de Picada Caf\u00e9 (Picada Caf\u00e9 se emancipou de Nova Petr\u00f3polis em 20 de mar\u00e7o de 1992). &#8211; C\u00f3digo anterior de cat\u00e1logo:FD 49-113; Outros munic\u00edpios desmembrados de S\u00e3o Leopoldo; <\/p>\n","protected":false},"excerpt":{"rendered":"<p>Aspecto da antiga ponte de Joaneta (hoje demolida), ent\u00e3o pertencente \u00e0 Nova Petr\u00f3polis. Joaneta hoje \u00e9 um bairro de Picada<\/p>\n","protected":false},"featured_media":44089,"comment_status":"open","ping_status":"closed","template":"","meta":{"_acf_changed":false},"product_cat":[107],"product_tag":[],"class_list":["post-44090","product","type-product","status-publish","has-post-thumbnail","hentry","product_cat-outros-municipios-desmembrados-de-sao-leopoldo"],"acf":[],"_links":{"self":[{"href":"https:\/\/www.museuhistoricosl.com.br\/loja\/wp-json\/wp\/v2\/product\/44090","targetHints":{"allow":["GET"]}}],"collection":[{"href":"https:\/\/www.museuhistoricosl.com.br\/loja\/wp-json\/wp\/v2\/product"}],"about":[{"href":"https:\/\/www.museuhistoricosl.com.br\/loja\/wp-json\/wp\/v2\/types\/product"}],"replies":[{"embeddable":true,"href":"https:\/\/www.museuhistoricosl.com.br\/loja\/wp-json\/wp\/v2\/comments?post=44090"}],"wp:featuredmedia":[{"embeddable":true,"href":"https:\/\/www.museuhistoricosl.com.br\/loja\/wp-json\/wp\/v2\/media\/44089"}],"wp:attachment":[{"href":"https:\/\/www.museuhistoricosl.com.br\/loja\/wp-json\/wp\/v2\/media?parent=44090"}],"wp:term":[{"taxonomy":"product_cat","embeddable":true,"href":"https:\/\/www.museuhistoricosl.com.br\/loja\/wp-json\/wp\/v2\/product_cat?post=44090"},{"taxonomy":"product_tag","embeddable":true,"href":"https:\/\/www.museuhistoricosl.com.br\/loja\/wp-json\/wp\/v2\/product_tag?post=44090"}],"curies":[{"name":"wp","href":"https:\/\/api.w.org\/{rel}","templated":true}]}}