{"id":44024,"date":"2022-01-19T16:05:03","date_gmt":"2022-01-19T19:05:03","guid":{"rendered":"https:\/\/www.museuhistoricosl.com.br\/loja\/produto\/sl049-fd-0080\/"},"modified":"2022-01-19T16:05:03","modified_gmt":"2022-01-19T19:05:03","slug":"sl049-fd-0080","status":"publish","type":"product","link":"https:\/\/www.museuhistoricosl.com.br\/loja\/produto\/sl049-fd-0080\/","title":{"rendered":"SL049-FD-0080"},"content":{"rendered":"<p>Pastor Gustav Adolf Braun, da Igreja Evang\u00e9lica do Rio grande do Sul (S\u00ednodo Rio-grandense, que daria origem a Igreja Evang\u00e9lica de Confiss\u00e3o Luterana no Brasil &#8211; IECLB). Cerim\u00f4nia de Confirma\u00e7\u00e3o. Munic\u00edpio de Nova Petr\u00f3polis. &#8211; C\u00f3digo anterior de cat\u00e1logo:FD 49-80; Outros munic\u00edpios desmembrados de S\u00e3o Leopoldo; <\/p>\n","protected":false},"excerpt":{"rendered":"<p>Pastor Gustav Adolf Braun, da Igreja Evang\u00e9lica do Rio grande do Sul (S\u00ednodo Rio-grandense, que daria origem a Igreja Evang\u00e9lica<\/p>\n","protected":false},"featured_media":44023,"comment_status":"open","ping_status":"closed","template":"","meta":{"_acf_changed":false},"product_cat":[107],"product_tag":[],"class_list":["post-44024","product","type-product","status-publish","has-post-thumbnail","hentry","product_cat-outros-municipios-desmembrados-de-sao-leopoldo"],"acf":[],"_links":{"self":[{"href":"https:\/\/www.museuhistoricosl.com.br\/loja\/wp-json\/wp\/v2\/product\/44024","targetHints":{"allow":["GET"]}}],"collection":[{"href":"https:\/\/www.museuhistoricosl.com.br\/loja\/wp-json\/wp\/v2\/product"}],"about":[{"href":"https:\/\/www.museuhistoricosl.com.br\/loja\/wp-json\/wp\/v2\/types\/product"}],"replies":[{"embeddable":true,"href":"https:\/\/www.museuhistoricosl.com.br\/loja\/wp-json\/wp\/v2\/comments?post=44024"}],"wp:featuredmedia":[{"embeddable":true,"href":"https:\/\/www.museuhistoricosl.com.br\/loja\/wp-json\/wp\/v2\/media\/44023"}],"wp:attachment":[{"href":"https:\/\/www.museuhistoricosl.com.br\/loja\/wp-json\/wp\/v2\/media?parent=44024"}],"wp:term":[{"taxonomy":"product_cat","embeddable":true,"href":"https:\/\/www.museuhistoricosl.com.br\/loja\/wp-json\/wp\/v2\/product_cat?post=44024"},{"taxonomy":"product_tag","embeddable":true,"href":"https:\/\/www.museuhistoricosl.com.br\/loja\/wp-json\/wp\/v2\/product_tag?post=44024"}],"curies":[{"name":"wp","href":"https:\/\/api.w.org\/{rel}","templated":true}]}}