{"id":44004,"date":"2022-01-19T16:04:53","date_gmt":"2022-01-19T19:04:53","guid":{"rendered":"https:\/\/www.museuhistoricosl.com.br\/loja\/produto\/sl049-fd-0070\/"},"modified":"2022-01-19T16:04:53","modified_gmt":"2022-01-19T19:04:53","slug":"sl049-fd-0070","status":"publish","type":"product","link":"https:\/\/www.museuhistoricosl.com.br\/loja\/produto\/sl049-fd-0070\/","title":{"rendered":"SL049-FD-0070"},"content":{"rendered":"<p>Gesangverein Frohsinn (Sociedade de Canto Alegria) de Nova Petr\u00f3polis, 16\/12\/1917.  &#8211; C\u00f3digo anterior de cat\u00e1logo:FD 49-70; Outros munic\u00edpios desmembrados de S\u00e3o Leopoldo; <\/p>\n","protected":false},"excerpt":{"rendered":"<p>Gesangverein Frohsinn (Sociedade de Canto Alegria) de Nova Petr\u00f3polis, 16\/12\/1917. &#8211; C\u00f3digo anterior de cat\u00e1logo:FD 49-70; Outros munic\u00edpios desmembrados de<\/p>\n","protected":false},"featured_media":44003,"comment_status":"open","ping_status":"closed","template":"","meta":{"_acf_changed":false},"product_cat":[107],"product_tag":[],"class_list":["post-44004","product","type-product","status-publish","has-post-thumbnail","hentry","product_cat-outros-municipios-desmembrados-de-sao-leopoldo"],"acf":[],"_links":{"self":[{"href":"https:\/\/www.museuhistoricosl.com.br\/loja\/wp-json\/wp\/v2\/product\/44004","targetHints":{"allow":["GET"]}}],"collection":[{"href":"https:\/\/www.museuhistoricosl.com.br\/loja\/wp-json\/wp\/v2\/product"}],"about":[{"href":"https:\/\/www.museuhistoricosl.com.br\/loja\/wp-json\/wp\/v2\/types\/product"}],"replies":[{"embeddable":true,"href":"https:\/\/www.museuhistoricosl.com.br\/loja\/wp-json\/wp\/v2\/comments?post=44004"}],"wp:featuredmedia":[{"embeddable":true,"href":"https:\/\/www.museuhistoricosl.com.br\/loja\/wp-json\/wp\/v2\/media\/44003"}],"wp:attachment":[{"href":"https:\/\/www.museuhistoricosl.com.br\/loja\/wp-json\/wp\/v2\/media?parent=44004"}],"wp:term":[{"taxonomy":"product_cat","embeddable":true,"href":"https:\/\/www.museuhistoricosl.com.br\/loja\/wp-json\/wp\/v2\/product_cat?post=44004"},{"taxonomy":"product_tag","embeddable":true,"href":"https:\/\/www.museuhistoricosl.com.br\/loja\/wp-json\/wp\/v2\/product_tag?post=44004"}],"curies":[{"name":"wp","href":"https:\/\/api.w.org\/{rel}","templated":true}]}}