{"id":43974,"date":"2022-01-19T16:04:35","date_gmt":"2022-01-19T19:04:35","guid":{"rendered":"https:\/\/www.museuhistoricosl.com.br\/loja\/produto\/sl049-fd-0055\/"},"modified":"2022-01-19T16:04:35","modified_gmt":"2022-01-19T19:04:35","slug":"sl049-fd-0055","status":"publish","type":"product","link":"https:\/\/www.museuhistoricosl.com.br\/loja\/produto\/sl049-fd-0055\/","title":{"rendered":"SL049-FD-0055"},"content":{"rendered":"<p>Monumento em homenagem ao Padre Theodor Amstad, S.J. (Pra\u00e7a Padre Theodor Amstad) &#8211; Registro da inaugura\u00e7\u00e3o no ano de 1942, em Linha Imperial, distrito do munic\u00edpio de Nova Petr\u00f3polis. &#8211; C\u00f3digo anterior de cat\u00e1logo:FD 49-55; Outros munic\u00edpios desmembrados de S\u00e3o Leopoldo; <\/p>\n","protected":false},"excerpt":{"rendered":"<p>Monumento em homenagem ao Padre Theodor Amstad, S.J. (Pra\u00e7a Padre Theodor Amstad) &#8211; Registro da inaugura\u00e7\u00e3o no ano de 1942,<\/p>\n","protected":false},"featured_media":43973,"comment_status":"open","ping_status":"closed","template":"","meta":{"_acf_changed":false},"product_cat":[107],"product_tag":[],"class_list":["post-43974","product","type-product","status-publish","has-post-thumbnail","hentry","product_cat-outros-municipios-desmembrados-de-sao-leopoldo"],"acf":[],"_links":{"self":[{"href":"https:\/\/www.museuhistoricosl.com.br\/loja\/wp-json\/wp\/v2\/product\/43974","targetHints":{"allow":["GET"]}}],"collection":[{"href":"https:\/\/www.museuhistoricosl.com.br\/loja\/wp-json\/wp\/v2\/product"}],"about":[{"href":"https:\/\/www.museuhistoricosl.com.br\/loja\/wp-json\/wp\/v2\/types\/product"}],"replies":[{"embeddable":true,"href":"https:\/\/www.museuhistoricosl.com.br\/loja\/wp-json\/wp\/v2\/comments?post=43974"}],"wp:featuredmedia":[{"embeddable":true,"href":"https:\/\/www.museuhistoricosl.com.br\/loja\/wp-json\/wp\/v2\/media\/43973"}],"wp:attachment":[{"href":"https:\/\/www.museuhistoricosl.com.br\/loja\/wp-json\/wp\/v2\/media?parent=43974"}],"wp:term":[{"taxonomy":"product_cat","embeddable":true,"href":"https:\/\/www.museuhistoricosl.com.br\/loja\/wp-json\/wp\/v2\/product_cat?post=43974"},{"taxonomy":"product_tag","embeddable":true,"href":"https:\/\/www.museuhistoricosl.com.br\/loja\/wp-json\/wp\/v2\/product_tag?post=43974"}],"curies":[{"name":"wp","href":"https:\/\/api.w.org\/{rel}","templated":true}]}}