{"id":43954,"date":"2022-01-19T16:04:23","date_gmt":"2022-01-19T19:04:23","guid":{"rendered":"https:\/\/www.museuhistoricosl.com.br\/loja\/produto\/sl049-fd-0045\/"},"modified":"2022-01-19T16:04:23","modified_gmt":"2022-01-19T19:04:23","slug":"sl049-fd-0045","status":"publish","type":"product","link":"https:\/\/www.museuhistoricosl.com.br\/loja\/produto\/sl049-fd-0045\/","title":{"rendered":"SL049-FD-0045"},"content":{"rendered":"<p>Primeiro \u00f4nibus da empresa Hannemann &#038; Hansen, de Pinhal Alto, no munic\u00edpio de Nova Petr\u00f3polis. Motorista: Lino Hansen (irm\u00e3o de Albano Hansen, que foi prefeito de Nova Petr\u00f3polis entre 1964 e 1968). 1959. &#8211; C\u00f3digo anterior de cat\u00e1logo:FD 49-45; Outros munic\u00edpios desmembrados de S\u00e3o Leopoldo; <\/p>\n","protected":false},"excerpt":{"rendered":"<p>Primeiro \u00f4nibus da empresa Hannemann &#038; Hansen, de Pinhal Alto, no munic\u00edpio de Nova Petr\u00f3polis. Motorista: Lino Hansen (irm\u00e3o de<\/p>\n","protected":false},"featured_media":43953,"comment_status":"open","ping_status":"closed","template":"","meta":{"_acf_changed":false},"product_cat":[107],"product_tag":[],"class_list":["post-43954","product","type-product","status-publish","has-post-thumbnail","hentry","product_cat-outros-municipios-desmembrados-de-sao-leopoldo"],"acf":[],"_links":{"self":[{"href":"https:\/\/www.museuhistoricosl.com.br\/loja\/wp-json\/wp\/v2\/product\/43954","targetHints":{"allow":["GET"]}}],"collection":[{"href":"https:\/\/www.museuhistoricosl.com.br\/loja\/wp-json\/wp\/v2\/product"}],"about":[{"href":"https:\/\/www.museuhistoricosl.com.br\/loja\/wp-json\/wp\/v2\/types\/product"}],"replies":[{"embeddable":true,"href":"https:\/\/www.museuhistoricosl.com.br\/loja\/wp-json\/wp\/v2\/comments?post=43954"}],"wp:featuredmedia":[{"embeddable":true,"href":"https:\/\/www.museuhistoricosl.com.br\/loja\/wp-json\/wp\/v2\/media\/43953"}],"wp:attachment":[{"href":"https:\/\/www.museuhistoricosl.com.br\/loja\/wp-json\/wp\/v2\/media?parent=43954"}],"wp:term":[{"taxonomy":"product_cat","embeddable":true,"href":"https:\/\/www.museuhistoricosl.com.br\/loja\/wp-json\/wp\/v2\/product_cat?post=43954"},{"taxonomy":"product_tag","embeddable":true,"href":"https:\/\/www.museuhistoricosl.com.br\/loja\/wp-json\/wp\/v2\/product_tag?post=43954"}],"curies":[{"name":"wp","href":"https:\/\/api.w.org\/{rel}","templated":true}]}}