{"id":43948,"date":"2022-01-19T16:04:20","date_gmt":"2022-01-19T19:04:20","guid":{"rendered":"https:\/\/www.museuhistoricosl.com.br\/loja\/produto\/sl049-fd-0042\/"},"modified":"2022-01-19T16:04:20","modified_gmt":"2022-01-19T19:04:20","slug":"sl049-fd-0042","status":"publish","type":"product","link":"https:\/\/www.museuhistoricosl.com.br\/loja\/produto\/sl049-fd-0042\/","title":{"rendered":"SL049-FD-0042"},"content":{"rendered":"<p>Lomba Grande, 1934\/1935. 1. ________; 2. Waldemar Becker; 3. Aloisio Haubert; 4. Oscar Enck; 5. Prof. Jos\u00e9 Afonso Hoher; 6. Lauro Jos\u00e9 Martins; 7. Paulo Jack Feltes; 8. Oscar Lindolfo Becker; 9. _______ Lindenmeyer; 10. Walter Bohrer; 11. ______; 12. _______. &#8211; C\u00f3digo anterior de cat\u00e1logo:FD 49-42; Outros munic\u00edpios desmembrados de S\u00e3o Leopoldo; <\/p>\n","protected":false},"excerpt":{"rendered":"<p>Lomba Grande, 1934\/1935. 1. ________; 2. Waldemar Becker; 3. Aloisio Haubert; 4. Oscar Enck; 5. Prof. Jos\u00e9 Afonso Hoher; 6.<\/p>\n","protected":false},"featured_media":43947,"comment_status":"open","ping_status":"closed","template":"","meta":{"_acf_changed":false},"product_cat":[107],"product_tag":[],"class_list":["post-43948","product","type-product","status-publish","has-post-thumbnail","hentry","product_cat-outros-municipios-desmembrados-de-sao-leopoldo"],"acf":[],"_links":{"self":[{"href":"https:\/\/www.museuhistoricosl.com.br\/loja\/wp-json\/wp\/v2\/product\/43948","targetHints":{"allow":["GET"]}}],"collection":[{"href":"https:\/\/www.museuhistoricosl.com.br\/loja\/wp-json\/wp\/v2\/product"}],"about":[{"href":"https:\/\/www.museuhistoricosl.com.br\/loja\/wp-json\/wp\/v2\/types\/product"}],"replies":[{"embeddable":true,"href":"https:\/\/www.museuhistoricosl.com.br\/loja\/wp-json\/wp\/v2\/comments?post=43948"}],"wp:featuredmedia":[{"embeddable":true,"href":"https:\/\/www.museuhistoricosl.com.br\/loja\/wp-json\/wp\/v2\/media\/43947"}],"wp:attachment":[{"href":"https:\/\/www.museuhistoricosl.com.br\/loja\/wp-json\/wp\/v2\/media?parent=43948"}],"wp:term":[{"taxonomy":"product_cat","embeddable":true,"href":"https:\/\/www.museuhistoricosl.com.br\/loja\/wp-json\/wp\/v2\/product_cat?post=43948"},{"taxonomy":"product_tag","embeddable":true,"href":"https:\/\/www.museuhistoricosl.com.br\/loja\/wp-json\/wp\/v2\/product_tag?post=43948"}],"curies":[{"name":"wp","href":"https:\/\/api.w.org\/{rel}","templated":true}]}}