{"id":43940,"date":"2022-01-19T16:04:16","date_gmt":"2022-01-19T19:04:16","guid":{"rendered":"https:\/\/www.museuhistoricosl.com.br\/loja\/produto\/sl049-fd-0038\/"},"modified":"2022-01-19T16:04:16","modified_gmt":"2022-01-19T19:04:16","slug":"sl049-fd-0038","status":"publish","type":"product","link":"https:\/\/www.museuhistoricosl.com.br\/loja\/produto\/sl049-fd-0038\/","title":{"rendered":"SL049-FD-0038"},"content":{"rendered":"<p>Igreja Cat\u00f3lica S\u00e3o Pedro Ap\u00f3stolo, em Ivoti, antes dos dois inc\u00eandios (o primeiro em 1924 e o segundo em 1986). Onde estava localizada a casa que aparece na foto hoje est\u00e1 localizada a nova Igreja Matriz da Par\u00f3quia cat\u00f3lica S\u00e3o Pedro Ap\u00f3stolo de Ivoti. Ivoti \u00e9 o antigo distrito de Bom Jardim; a mudan\u00e7a do nome para Ivoti ocorreu em 1938, por conta da Campanha de Nacionaliza\u00e7\u00e3o do Estado Novo. Ivoti foi distrito de S\u00e3o Leopoldo at\u00e9 1959, quando se tornou distrito de Est\u00e2ncia Velha, que se emancipou de S\u00e3o Leopoldo nesse ano. A emancipa\u00e7\u00e3o de Ivoti ocorreu em 1964.  &#8211; C\u00f3digo anterior de cat\u00e1logo:FD 49-38; Outros munic\u00edpios desmembrados de S\u00e3o Leopoldo; <\/p>\n","protected":false},"excerpt":{"rendered":"<p>Igreja Cat\u00f3lica S\u00e3o Pedro Ap\u00f3stolo, em Ivoti, antes dos dois inc\u00eandios (o primeiro em 1924 e o segundo em 1986).<\/p>\n","protected":false},"featured_media":43939,"comment_status":"open","ping_status":"closed","template":"","meta":{"_acf_changed":false},"product_cat":[107],"product_tag":[],"class_list":["post-43940","product","type-product","status-publish","has-post-thumbnail","hentry","product_cat-outros-municipios-desmembrados-de-sao-leopoldo"],"acf":[],"_links":{"self":[{"href":"https:\/\/www.museuhistoricosl.com.br\/loja\/wp-json\/wp\/v2\/product\/43940","targetHints":{"allow":["GET"]}}],"collection":[{"href":"https:\/\/www.museuhistoricosl.com.br\/loja\/wp-json\/wp\/v2\/product"}],"about":[{"href":"https:\/\/www.museuhistoricosl.com.br\/loja\/wp-json\/wp\/v2\/types\/product"}],"replies":[{"embeddable":true,"href":"https:\/\/www.museuhistoricosl.com.br\/loja\/wp-json\/wp\/v2\/comments?post=43940"}],"wp:featuredmedia":[{"embeddable":true,"href":"https:\/\/www.museuhistoricosl.com.br\/loja\/wp-json\/wp\/v2\/media\/43939"}],"wp:attachment":[{"href":"https:\/\/www.museuhistoricosl.com.br\/loja\/wp-json\/wp\/v2\/media?parent=43940"}],"wp:term":[{"taxonomy":"product_cat","embeddable":true,"href":"https:\/\/www.museuhistoricosl.com.br\/loja\/wp-json\/wp\/v2\/product_cat?post=43940"},{"taxonomy":"product_tag","embeddable":true,"href":"https:\/\/www.museuhistoricosl.com.br\/loja\/wp-json\/wp\/v2\/product_tag?post=43940"}],"curies":[{"name":"wp","href":"https:\/\/api.w.org\/{rel}","templated":true}]}}