{"id":43938,"date":"2022-01-19T16:04:14","date_gmt":"2022-01-19T19:04:14","guid":{"rendered":"https:\/\/www.museuhistoricosl.com.br\/loja\/produto\/sl049-fd-0037\/"},"modified":"2022-01-19T16:04:14","modified_gmt":"2022-01-19T19:04:14","slug":"sl049-fd-0037","status":"publish","type":"product","link":"https:\/\/www.museuhistoricosl.com.br\/loja\/produto\/sl049-fd-0037\/","title":{"rendered":"SL049-FD-0037"},"content":{"rendered":"<p>Cascata do Arrio Feitoria, em Santa Maria do Herval, tamb\u00e9m conhecido como Teewald. At\u00e9 1959, Santa Maria do Herval era parte do munic\u00edpio de S\u00e3o Leopoldo. A partir desta data, passou a ser distrito de Dois Irm\u00e3os, que se emancipou tamb\u00e9m de S\u00e3o Leopoldo. Santa Maria do Herval se emancipou de Dois Irm\u00e3os em 12\/05\/1988. &#8211; C\u00f3digo anterior de cat\u00e1logo:FD 49-37; Outros munic\u00edpios desmembrados de S\u00e3o Leopoldo; <\/p>\n","protected":false},"excerpt":{"rendered":"<p>Cascata do Arrio Feitoria, em Santa Maria do Herval, tamb\u00e9m conhecido como Teewald. At\u00e9 1959, Santa Maria do Herval era<\/p>\n","protected":false},"featured_media":43937,"comment_status":"open","ping_status":"closed","template":"","meta":{"_acf_changed":false},"product_cat":[107],"product_tag":[],"class_list":["post-43938","product","type-product","status-publish","has-post-thumbnail","hentry","product_cat-outros-municipios-desmembrados-de-sao-leopoldo"],"acf":[],"_links":{"self":[{"href":"https:\/\/www.museuhistoricosl.com.br\/loja\/wp-json\/wp\/v2\/product\/43938","targetHints":{"allow":["GET"]}}],"collection":[{"href":"https:\/\/www.museuhistoricosl.com.br\/loja\/wp-json\/wp\/v2\/product"}],"about":[{"href":"https:\/\/www.museuhistoricosl.com.br\/loja\/wp-json\/wp\/v2\/types\/product"}],"replies":[{"embeddable":true,"href":"https:\/\/www.museuhistoricosl.com.br\/loja\/wp-json\/wp\/v2\/comments?post=43938"}],"wp:featuredmedia":[{"embeddable":true,"href":"https:\/\/www.museuhistoricosl.com.br\/loja\/wp-json\/wp\/v2\/media\/43937"}],"wp:attachment":[{"href":"https:\/\/www.museuhistoricosl.com.br\/loja\/wp-json\/wp\/v2\/media?parent=43938"}],"wp:term":[{"taxonomy":"product_cat","embeddable":true,"href":"https:\/\/www.museuhistoricosl.com.br\/loja\/wp-json\/wp\/v2\/product_cat?post=43938"},{"taxonomy":"product_tag","embeddable":true,"href":"https:\/\/www.museuhistoricosl.com.br\/loja\/wp-json\/wp\/v2\/product_tag?post=43938"}],"curies":[{"name":"wp","href":"https:\/\/api.w.org\/{rel}","templated":true}]}}