{"id":43904,"date":"2022-01-19T16:03:50","date_gmt":"2022-01-19T19:03:50","guid":{"rendered":"https:\/\/www.museuhistoricosl.com.br\/loja\/produto\/sl049-fd-0020\/"},"modified":"2022-01-19T16:03:50","modified_gmt":"2022-01-19T19:03:50","slug":"sl049-fd-0020","status":"publish","type":"product","link":"https:\/\/www.museuhistoricosl.com.br\/loja\/produto\/sl049-fd-0020\/","title":{"rendered":"SL049-FD-0020"},"content":{"rendered":"<p>Festa de casamento. Linha Imperial, localidade pertencente ao munic\u00edpio de Nova Petr\u00f3polis.  &#8211; C\u00f3digo anterior de cat\u00e1logo:FD 49-20; Outros munic\u00edpios desmembrados de S\u00e3o Leopoldo; <\/p>\n","protected":false},"excerpt":{"rendered":"<p>Festa de casamento. Linha Imperial, localidade pertencente ao munic\u00edpio de Nova Petr\u00f3polis. &#8211; C\u00f3digo anterior de cat\u00e1logo:FD 49-20; Outros munic\u00edpios<\/p>\n","protected":false},"featured_media":43903,"comment_status":"open","ping_status":"closed","template":"","meta":{"_acf_changed":false},"product_cat":[107],"product_tag":[],"class_list":["post-43904","product","type-product","status-publish","has-post-thumbnail","hentry","product_cat-outros-municipios-desmembrados-de-sao-leopoldo"],"acf":[],"_links":{"self":[{"href":"https:\/\/www.museuhistoricosl.com.br\/loja\/wp-json\/wp\/v2\/product\/43904","targetHints":{"allow":["GET"]}}],"collection":[{"href":"https:\/\/www.museuhistoricosl.com.br\/loja\/wp-json\/wp\/v2\/product"}],"about":[{"href":"https:\/\/www.museuhistoricosl.com.br\/loja\/wp-json\/wp\/v2\/types\/product"}],"replies":[{"embeddable":true,"href":"https:\/\/www.museuhistoricosl.com.br\/loja\/wp-json\/wp\/v2\/comments?post=43904"}],"wp:featuredmedia":[{"embeddable":true,"href":"https:\/\/www.museuhistoricosl.com.br\/loja\/wp-json\/wp\/v2\/media\/43903"}],"wp:attachment":[{"href":"https:\/\/www.museuhistoricosl.com.br\/loja\/wp-json\/wp\/v2\/media?parent=43904"}],"wp:term":[{"taxonomy":"product_cat","embeddable":true,"href":"https:\/\/www.museuhistoricosl.com.br\/loja\/wp-json\/wp\/v2\/product_cat?post=43904"},{"taxonomy":"product_tag","embeddable":true,"href":"https:\/\/www.museuhistoricosl.com.br\/loja\/wp-json\/wp\/v2\/product_tag?post=43904"}],"curies":[{"name":"wp","href":"https:\/\/api.w.org\/{rel}","templated":true}]}}