{"id":43898,"date":"2022-01-19T16:03:48","date_gmt":"2022-01-19T19:03:48","guid":{"rendered":"https:\/\/www.museuhistoricosl.com.br\/loja\/produto\/sl049-fd-0017\/"},"modified":"2022-01-19T16:03:48","modified_gmt":"2022-01-19T19:03:48","slug":"sl049-fd-0017","status":"publish","type":"product","link":"https:\/\/www.museuhistoricosl.com.br\/loja\/produto\/sl049-fd-0017\/","title":{"rendered":"SL049-FD-0017"},"content":{"rendered":"<p>Linha Brasil, localidade pertencente ao munic\u00edpio de Nova Petr\u00f3polis. Provavelmente se trata de uma venda ou algum sal\u00e3o (com a inscri\u00e7\u00e3o Wenzel Wazlawik, Linha Brazil, 1911). Foto tirada durante a realiza\u00e7\u00e3o de algum tipo de festividade. &#8211; C\u00f3digo anterior de cat\u00e1logo:FD 49-17; Outros munic\u00edpios desmembrados de S\u00e3o Leopoldo; <\/p>\n","protected":false},"excerpt":{"rendered":"<p>Linha Brasil, localidade pertencente ao munic\u00edpio de Nova Petr\u00f3polis. Provavelmente se trata de uma venda ou algum sal\u00e3o (com a<\/p>\n","protected":false},"featured_media":43897,"comment_status":"open","ping_status":"closed","template":"","meta":{"_acf_changed":false},"product_cat":[107],"product_tag":[],"class_list":["post-43898","product","type-product","status-publish","has-post-thumbnail","hentry","product_cat-outros-municipios-desmembrados-de-sao-leopoldo"],"acf":[],"_links":{"self":[{"href":"https:\/\/www.museuhistoricosl.com.br\/loja\/wp-json\/wp\/v2\/product\/43898","targetHints":{"allow":["GET"]}}],"collection":[{"href":"https:\/\/www.museuhistoricosl.com.br\/loja\/wp-json\/wp\/v2\/product"}],"about":[{"href":"https:\/\/www.museuhistoricosl.com.br\/loja\/wp-json\/wp\/v2\/types\/product"}],"replies":[{"embeddable":true,"href":"https:\/\/www.museuhistoricosl.com.br\/loja\/wp-json\/wp\/v2\/comments?post=43898"}],"wp:featuredmedia":[{"embeddable":true,"href":"https:\/\/www.museuhistoricosl.com.br\/loja\/wp-json\/wp\/v2\/media\/43897"}],"wp:attachment":[{"href":"https:\/\/www.museuhistoricosl.com.br\/loja\/wp-json\/wp\/v2\/media?parent=43898"}],"wp:term":[{"taxonomy":"product_cat","embeddable":true,"href":"https:\/\/www.museuhistoricosl.com.br\/loja\/wp-json\/wp\/v2\/product_cat?post=43898"},{"taxonomy":"product_tag","embeddable":true,"href":"https:\/\/www.museuhistoricosl.com.br\/loja\/wp-json\/wp\/v2\/product_tag?post=43898"}],"curies":[{"name":"wp","href":"https:\/\/api.w.org\/{rel}","templated":true}]}}