{"id":43872,"date":"2022-01-19T16:03:30","date_gmt":"2022-01-19T19:03:30","guid":{"rendered":"https:\/\/www.museuhistoricosl.com.br\/loja\/produto\/sl049-fd-0004\/"},"modified":"2022-01-19T16:03:30","modified_gmt":"2022-01-19T19:03:30","slug":"sl049-fd-0004","status":"publish","type":"product","link":"https:\/\/www.museuhistoricosl.com.br\/loja\/produto\/sl049-fd-0004\/","title":{"rendered":"SL049-FD-0004"},"content":{"rendered":"<p>Foto da Orquestra Esmeralda, de Campo Bom (ent\u00e3o 2\u00ba distrito de S\u00e3o Leopoldo, de quem se emancipou em 31\/01\/1959), em 31\/05\/1936. Waldemar von Scharten, dirigente da orquestra. No verso da foto tamb\u00e9m consta a indica\u00e7\u00e3o Lib\u00f3rio M\u00fcller, Correio de S\u00e3o Leopoldo.  &#8211; C\u00f3digo anterior de cat\u00e1logo:FD 49-4; Outros munic\u00edpios desmembrados de S\u00e3o Leopoldo; <\/p>\n","protected":false},"excerpt":{"rendered":"<p>Foto da Orquestra Esmeralda, de Campo Bom (ent\u00e3o 2\u00ba distrito de S\u00e3o Leopoldo, de quem se emancipou em 31\/01\/1959), em<\/p>\n","protected":false},"featured_media":43871,"comment_status":"open","ping_status":"closed","template":"","meta":{"_acf_changed":false},"product_cat":[107],"product_tag":[],"class_list":["post-43872","product","type-product","status-publish","has-post-thumbnail","hentry","product_cat-outros-municipios-desmembrados-de-sao-leopoldo"],"acf":[],"_links":{"self":[{"href":"https:\/\/www.museuhistoricosl.com.br\/loja\/wp-json\/wp\/v2\/product\/43872","targetHints":{"allow":["GET"]}}],"collection":[{"href":"https:\/\/www.museuhistoricosl.com.br\/loja\/wp-json\/wp\/v2\/product"}],"about":[{"href":"https:\/\/www.museuhistoricosl.com.br\/loja\/wp-json\/wp\/v2\/types\/product"}],"replies":[{"embeddable":true,"href":"https:\/\/www.museuhistoricosl.com.br\/loja\/wp-json\/wp\/v2\/comments?post=43872"}],"wp:featuredmedia":[{"embeddable":true,"href":"https:\/\/www.museuhistoricosl.com.br\/loja\/wp-json\/wp\/v2\/media\/43871"}],"wp:attachment":[{"href":"https:\/\/www.museuhistoricosl.com.br\/loja\/wp-json\/wp\/v2\/media?parent=43872"}],"wp:term":[{"taxonomy":"product_cat","embeddable":true,"href":"https:\/\/www.museuhistoricosl.com.br\/loja\/wp-json\/wp\/v2\/product_cat?post=43872"},{"taxonomy":"product_tag","embeddable":true,"href":"https:\/\/www.museuhistoricosl.com.br\/loja\/wp-json\/wp\/v2\/product_tag?post=43872"}],"curies":[{"name":"wp","href":"https:\/\/api.w.org\/{rel}","templated":true}]}}