{"id":43754,"date":"2022-01-19T16:02:21","date_gmt":"2022-01-19T19:02:21","guid":{"rendered":"https:\/\/www.museuhistoricosl.com.br\/loja\/produto\/rs049-fd-0467\/"},"modified":"2022-01-19T16:02:21","modified_gmt":"2022-01-19T19:02:21","slug":"rs049-fd-0467","status":"publish","type":"product","link":"https:\/\/www.museuhistoricosl.com.br\/loja\/produto\/rs049-fd-0467\/","title":{"rendered":"RS049-FD-0467"},"content":{"rendered":"<p>Sapucaia do Sul, Solenidade de 23 anos de emancipa\u00e7\u00e3o pl\u00edtica componentes da mesa, 23\/08\/1984 ; Outros munic\u00edpios desmembrados de S\u00e3o Leopoldo; <\/p>\n","protected":false},"excerpt":{"rendered":"<p>Sapucaia do Sul, Solenidade de 23 anos de emancipa\u00e7\u00e3o pl\u00edtica componentes da mesa, 23\/08\/1984 ; Outros munic\u00edpios desmembrados de S\u00e3o<\/p>\n","protected":false},"featured_media":43753,"comment_status":"open","ping_status":"closed","template":"","meta":{"_acf_changed":false},"product_cat":[107],"product_tag":[],"class_list":["post-43754","product","type-product","status-publish","has-post-thumbnail","hentry","product_cat-outros-municipios-desmembrados-de-sao-leopoldo"],"acf":[],"_links":{"self":[{"href":"https:\/\/www.museuhistoricosl.com.br\/loja\/wp-json\/wp\/v2\/product\/43754","targetHints":{"allow":["GET"]}}],"collection":[{"href":"https:\/\/www.museuhistoricosl.com.br\/loja\/wp-json\/wp\/v2\/product"}],"about":[{"href":"https:\/\/www.museuhistoricosl.com.br\/loja\/wp-json\/wp\/v2\/types\/product"}],"replies":[{"embeddable":true,"href":"https:\/\/www.museuhistoricosl.com.br\/loja\/wp-json\/wp\/v2\/comments?post=43754"}],"wp:featuredmedia":[{"embeddable":true,"href":"https:\/\/www.museuhistoricosl.com.br\/loja\/wp-json\/wp\/v2\/media\/43753"}],"wp:attachment":[{"href":"https:\/\/www.museuhistoricosl.com.br\/loja\/wp-json\/wp\/v2\/media?parent=43754"}],"wp:term":[{"taxonomy":"product_cat","embeddable":true,"href":"https:\/\/www.museuhistoricosl.com.br\/loja\/wp-json\/wp\/v2\/product_cat?post=43754"},{"taxonomy":"product_tag","embeddable":true,"href":"https:\/\/www.museuhistoricosl.com.br\/loja\/wp-json\/wp\/v2\/product_tag?post=43754"}],"curies":[{"name":"wp","href":"https:\/\/api.w.org\/{rel}","templated":true}]}}