{"id":43174,"date":"2022-01-19T15:56:24","date_gmt":"2022-01-19T18:56:24","guid":{"rendered":"https:\/\/www.museuhistoricosl.com.br\/loja\/produto\/rs049-fd-0177\/"},"modified":"2022-01-19T15:56:24","modified_gmt":"2022-01-19T18:56:24","slug":"rs049-fd-0177","status":"publish","type":"product","link":"https:\/\/www.museuhistoricosl.com.br\/loja\/produto\/rs049-fd-0177\/","title":{"rendered":"RS049-FD-0177"},"content":{"rendered":"<p>Festa de Natal da LBA de Port\u00e3o, Foto Vilmar; Outros munic\u00edpios desmembrados de S\u00e3o Leopoldo; <\/p>\n","protected":false},"excerpt":{"rendered":"<p>Festa de Natal da LBA de Port\u00e3o, Foto Vilmar; Outros munic\u00edpios desmembrados de S\u00e3o Leopoldo;<\/p>\n","protected":false},"featured_media":43173,"comment_status":"open","ping_status":"closed","template":"","meta":{"_acf_changed":false},"product_cat":[107],"product_tag":[],"class_list":["post-43174","product","type-product","status-publish","has-post-thumbnail","hentry","product_cat-outros-municipios-desmembrados-de-sao-leopoldo"],"acf":[],"_links":{"self":[{"href":"https:\/\/www.museuhistoricosl.com.br\/loja\/wp-json\/wp\/v2\/product\/43174","targetHints":{"allow":["GET"]}}],"collection":[{"href":"https:\/\/www.museuhistoricosl.com.br\/loja\/wp-json\/wp\/v2\/product"}],"about":[{"href":"https:\/\/www.museuhistoricosl.com.br\/loja\/wp-json\/wp\/v2\/types\/product"}],"replies":[{"embeddable":true,"href":"https:\/\/www.museuhistoricosl.com.br\/loja\/wp-json\/wp\/v2\/comments?post=43174"}],"wp:featuredmedia":[{"embeddable":true,"href":"https:\/\/www.museuhistoricosl.com.br\/loja\/wp-json\/wp\/v2\/media\/43173"}],"wp:attachment":[{"href":"https:\/\/www.museuhistoricosl.com.br\/loja\/wp-json\/wp\/v2\/media?parent=43174"}],"wp:term":[{"taxonomy":"product_cat","embeddable":true,"href":"https:\/\/www.museuhistoricosl.com.br\/loja\/wp-json\/wp\/v2\/product_cat?post=43174"},{"taxonomy":"product_tag","embeddable":true,"href":"https:\/\/www.museuhistoricosl.com.br\/loja\/wp-json\/wp\/v2\/product_tag?post=43174"}],"curies":[{"name":"wp","href":"https:\/\/api.w.org\/{rel}","templated":true}]}}