{"id":42967,"date":"2022-01-19T15:47:52","date_gmt":"2022-01-19T18:47:52","guid":{"rendered":"https:\/\/www.museuhistoricosl.com.br\/loja\/produto\/sl070-fd-0059\/"},"modified":"2022-01-19T15:47:52","modified_gmt":"2022-01-19T18:47:52","slug":"sl070-fd-0059","status":"publish","type":"product","link":"https:\/\/www.museuhistoricosl.com.br\/loja\/produto\/sl070-fd-0059\/","title":{"rendered":"SL070-FD-0059"},"content":{"rendered":"<p>Cercamento concluido  E.M Salgado Filho  03\/ 12 \/87; Obras e Inaugura\u00e7\u00f5es &#8211; S\u00e3o Leopoldo; <\/p>\n","protected":false},"excerpt":{"rendered":"<p>Cercamento concluido E.M Salgado Filho 03\/ 12 \/87; Obras e Inaugura\u00e7\u00f5es &#8211; S\u00e3o Leopoldo;<\/p>\n","protected":false},"featured_media":42966,"comment_status":"open","ping_status":"closed","template":"","meta":{"_acf_changed":false},"product_cat":[106],"product_tag":[],"class_list":["post-42967","product","type-product","status-publish","has-post-thumbnail","hentry","product_cat-obras-e-inauguracoes-sao-leopoldo"],"acf":[],"_links":{"self":[{"href":"https:\/\/www.museuhistoricosl.com.br\/loja\/wp-json\/wp\/v2\/product\/42967","targetHints":{"allow":["GET"]}}],"collection":[{"href":"https:\/\/www.museuhistoricosl.com.br\/loja\/wp-json\/wp\/v2\/product"}],"about":[{"href":"https:\/\/www.museuhistoricosl.com.br\/loja\/wp-json\/wp\/v2\/types\/product"}],"replies":[{"embeddable":true,"href":"https:\/\/www.museuhistoricosl.com.br\/loja\/wp-json\/wp\/v2\/comments?post=42967"}],"wp:featuredmedia":[{"embeddable":true,"href":"https:\/\/www.museuhistoricosl.com.br\/loja\/wp-json\/wp\/v2\/media\/42966"}],"wp:attachment":[{"href":"https:\/\/www.museuhistoricosl.com.br\/loja\/wp-json\/wp\/v2\/media?parent=42967"}],"wp:term":[{"taxonomy":"product_cat","embeddable":true,"href":"https:\/\/www.museuhistoricosl.com.br\/loja\/wp-json\/wp\/v2\/product_cat?post=42967"},{"taxonomy":"product_tag","embeddable":true,"href":"https:\/\/www.museuhistoricosl.com.br\/loja\/wp-json\/wp\/v2\/product_tag?post=42967"}],"curies":[{"name":"wp","href":"https:\/\/api.w.org\/{rel}","templated":true}]}}