{"id":42899,"date":"2022-01-19T15:47:11","date_gmt":"2022-01-19T18:47:11","guid":{"rendered":"https:\/\/www.museuhistoricosl.com.br\/loja\/produto\/sl070-fd-0025\/"},"modified":"2022-01-19T15:47:11","modified_gmt":"2022-01-19T18:47:11","slug":"sl070-fd-0025","status":"publish","type":"product","link":"https:\/\/www.museuhistoricosl.com.br\/loja\/produto\/sl070-fd-0025\/","title":{"rendered":"SL070-FD-0025"},"content":{"rendered":"<p>Estrada para Arroio da Manteiga (Atual Caxias do Sul) Foto tirada do Rio do Sinos, vendo-se ao centro, de branco , Sr. Henrique Bier; Obras e Inaugura\u00e7\u00f5es &#8211; S\u00e3o Leopoldo; <\/p>\n","protected":false},"excerpt":{"rendered":"<p>Estrada para Arroio da Manteiga (Atual Caxias do Sul) Foto tirada do Rio do Sinos, vendo-se ao centro, de branco<\/p>\n","protected":false},"featured_media":42898,"comment_status":"open","ping_status":"closed","template":"","meta":{"_acf_changed":false},"product_cat":[106],"product_tag":[],"class_list":["post-42899","product","type-product","status-publish","has-post-thumbnail","hentry","product_cat-obras-e-inauguracoes-sao-leopoldo"],"acf":[],"_links":{"self":[{"href":"https:\/\/www.museuhistoricosl.com.br\/loja\/wp-json\/wp\/v2\/product\/42899","targetHints":{"allow":["GET"]}}],"collection":[{"href":"https:\/\/www.museuhistoricosl.com.br\/loja\/wp-json\/wp\/v2\/product"}],"about":[{"href":"https:\/\/www.museuhistoricosl.com.br\/loja\/wp-json\/wp\/v2\/types\/product"}],"replies":[{"embeddable":true,"href":"https:\/\/www.museuhistoricosl.com.br\/loja\/wp-json\/wp\/v2\/comments?post=42899"}],"wp:featuredmedia":[{"embeddable":true,"href":"https:\/\/www.museuhistoricosl.com.br\/loja\/wp-json\/wp\/v2\/media\/42898"}],"wp:attachment":[{"href":"https:\/\/www.museuhistoricosl.com.br\/loja\/wp-json\/wp\/v2\/media?parent=42899"}],"wp:term":[{"taxonomy":"product_cat","embeddable":true,"href":"https:\/\/www.museuhistoricosl.com.br\/loja\/wp-json\/wp\/v2\/product_cat?post=42899"},{"taxonomy":"product_tag","embeddable":true,"href":"https:\/\/www.museuhistoricosl.com.br\/loja\/wp-json\/wp\/v2\/product_tag?post=42899"}],"curies":[{"name":"wp","href":"https:\/\/api.w.org\/{rel}","templated":true}]}}