{"id":42802,"date":"2022-01-19T15:39:04","date_gmt":"2022-01-19T18:39:04","guid":{"rendered":"https:\/\/www.museuhistoricosl.com.br\/loja\/produto\/rs069-fd-0211\/"},"modified":"2022-01-19T15:39:04","modified_gmt":"2022-01-19T18:39:04","slug":"rs069-fd-0211","status":"publish","type":"product","link":"https:\/\/www.museuhistoricosl.com.br\/loja\/produto\/rs069-fd-0211\/","title":{"rendered":"RS069-FD-0211"},"content":{"rendered":"<p>Time de futebol Esperan\u00e7a de Hamburgo Velho, esq. Para dir., em p\u00e9: Jony Alves, Miro Wassem, HibarioMaltes, Willy Fleck, Ademar Grin, Urbano Amecke (Caneco), Vitor Hugo Kunz, (charuto, t\u00e9cnico), Romeu Viola (juiz), agachados: Bruno Steigleder (neco), Ernesto Lux (Sjotz), Breno Heffen (geada), Greg\u00f3rio Nickele, Francisco Mueckele (chico), Foto de 1945, no campo do Esperan\u00e7a, em Hamburgo Velho. Esperan\u00e7a foi Vice- Campe\u00e3o do interior; Novo Hamburgo; <\/p>\n","protected":false},"excerpt":{"rendered":"<p>Time de futebol Esperan\u00e7a de Hamburgo Velho, esq. Para dir., em p\u00e9: Jony Alves, Miro Wassem, HibarioMaltes, Willy Fleck, Ademar<\/p>\n","protected":false},"featured_media":42801,"comment_status":"open","ping_status":"closed","template":"","meta":{"_acf_changed":false},"product_cat":[105],"product_tag":[],"class_list":["post-42802","product","type-product","status-publish","has-post-thumbnail","hentry","product_cat-novo-hamburgo"],"acf":[],"_links":{"self":[{"href":"https:\/\/www.museuhistoricosl.com.br\/loja\/wp-json\/wp\/v2\/product\/42802","targetHints":{"allow":["GET"]}}],"collection":[{"href":"https:\/\/www.museuhistoricosl.com.br\/loja\/wp-json\/wp\/v2\/product"}],"about":[{"href":"https:\/\/www.museuhistoricosl.com.br\/loja\/wp-json\/wp\/v2\/types\/product"}],"replies":[{"embeddable":true,"href":"https:\/\/www.museuhistoricosl.com.br\/loja\/wp-json\/wp\/v2\/comments?post=42802"}],"wp:featuredmedia":[{"embeddable":true,"href":"https:\/\/www.museuhistoricosl.com.br\/loja\/wp-json\/wp\/v2\/media\/42801"}],"wp:attachment":[{"href":"https:\/\/www.museuhistoricosl.com.br\/loja\/wp-json\/wp\/v2\/media?parent=42802"}],"wp:term":[{"taxonomy":"product_cat","embeddable":true,"href":"https:\/\/www.museuhistoricosl.com.br\/loja\/wp-json\/wp\/v2\/product_cat?post=42802"},{"taxonomy":"product_tag","embeddable":true,"href":"https:\/\/www.museuhistoricosl.com.br\/loja\/wp-json\/wp\/v2\/product_tag?post=42802"}],"curies":[{"name":"wp","href":"https:\/\/api.w.org\/{rel}","templated":true}]}}