{"id":42792,"date":"2022-01-19T15:38:59","date_gmt":"2022-01-19T18:38:59","guid":{"rendered":"https:\/\/www.museuhistoricosl.com.br\/loja\/produto\/rs069-fd-0206\/"},"modified":"2022-01-19T15:38:59","modified_gmt":"2022-01-19T18:38:59","slug":"rs069-fd-0206","status":"publish","type":"product","link":"https:\/\/www.museuhistoricosl.com.br\/loja\/produto\/rs069-fd-0206\/","title":{"rendered":"RS069-FD-0206"},"content":{"rendered":"<p>Pedro Alles, fabrica de molduras, Novo Hamburgo, Lembra\u00e7a da Exposi\u00e7\u00e3o Industrial &#8211; Agricola comemorativa do Centen\u00e1rio da Immigra\u00e7\u00e3o Alem\u00e3, 20\/09\/1924, Doador: Arlindo Stumpf; Novo Hamburgo; <\/p>\n","protected":false},"excerpt":{"rendered":"<p>Pedro Alles, fabrica de molduras, Novo Hamburgo, Lembra\u00e7a da Exposi\u00e7\u00e3o Industrial &#8211; Agricola comemorativa do Centen\u00e1rio da Immigra\u00e7\u00e3o Alem\u00e3, 20\/09\/1924,<\/p>\n","protected":false},"featured_media":42791,"comment_status":"open","ping_status":"closed","template":"","meta":{"_acf_changed":false},"product_cat":[105],"product_tag":[],"class_list":["post-42792","product","type-product","status-publish","has-post-thumbnail","hentry","product_cat-novo-hamburgo"],"acf":[],"_links":{"self":[{"href":"https:\/\/www.museuhistoricosl.com.br\/loja\/wp-json\/wp\/v2\/product\/42792","targetHints":{"allow":["GET"]}}],"collection":[{"href":"https:\/\/www.museuhistoricosl.com.br\/loja\/wp-json\/wp\/v2\/product"}],"about":[{"href":"https:\/\/www.museuhistoricosl.com.br\/loja\/wp-json\/wp\/v2\/types\/product"}],"replies":[{"embeddable":true,"href":"https:\/\/www.museuhistoricosl.com.br\/loja\/wp-json\/wp\/v2\/comments?post=42792"}],"wp:featuredmedia":[{"embeddable":true,"href":"https:\/\/www.museuhistoricosl.com.br\/loja\/wp-json\/wp\/v2\/media\/42791"}],"wp:attachment":[{"href":"https:\/\/www.museuhistoricosl.com.br\/loja\/wp-json\/wp\/v2\/media?parent=42792"}],"wp:term":[{"taxonomy":"product_cat","embeddable":true,"href":"https:\/\/www.museuhistoricosl.com.br\/loja\/wp-json\/wp\/v2\/product_cat?post=42792"},{"taxonomy":"product_tag","embeddable":true,"href":"https:\/\/www.museuhistoricosl.com.br\/loja\/wp-json\/wp\/v2\/product_tag?post=42792"}],"curies":[{"name":"wp","href":"https:\/\/api.w.org\/{rel}","templated":true}]}}