{"id":42782,"date":"2022-01-19T15:38:53","date_gmt":"2022-01-19T18:38:53","guid":{"rendered":"https:\/\/www.museuhistoricosl.com.br\/loja\/produto\/rs069-fd-0201\/"},"modified":"2022-01-19T15:38:53","modified_gmt":"2022-01-19T18:38:53","slug":"rs069-fd-0201","status":"publish","type":"product","link":"https:\/\/www.museuhistoricosl.com.br\/loja\/produto\/rs069-fd-0201\/","title":{"rendered":"RS069-FD-0201"},"content":{"rendered":"<p>Esta\u00e7\u00e3o Hamburgo Velho, Homem de frente com bra\u00e7os ca\u00eddos, Ad\u00e3o Adolfo Schmitt, O menino de lado segurando pela m\u00e3o uma menina \u00e9 Hugo Dietschi, a menina \u00e9 Ilka Marietta Schmitt Dauber, filha de Ad\u00e3o Adolfo Schmitt; Novo Hamburgo; <\/p>\n","protected":false},"excerpt":{"rendered":"<p>Esta\u00e7\u00e3o Hamburgo Velho, Homem de frente com bra\u00e7os ca\u00eddos, Ad\u00e3o Adolfo Schmitt, O menino de lado segurando pela m\u00e3o uma<\/p>\n","protected":false},"featured_media":42781,"comment_status":"open","ping_status":"closed","template":"","meta":{"_acf_changed":false},"product_cat":[105],"product_tag":[],"class_list":["post-42782","product","type-product","status-publish","has-post-thumbnail","hentry","product_cat-novo-hamburgo"],"acf":[],"_links":{"self":[{"href":"https:\/\/www.museuhistoricosl.com.br\/loja\/wp-json\/wp\/v2\/product\/42782","targetHints":{"allow":["GET"]}}],"collection":[{"href":"https:\/\/www.museuhistoricosl.com.br\/loja\/wp-json\/wp\/v2\/product"}],"about":[{"href":"https:\/\/www.museuhistoricosl.com.br\/loja\/wp-json\/wp\/v2\/types\/product"}],"replies":[{"embeddable":true,"href":"https:\/\/www.museuhistoricosl.com.br\/loja\/wp-json\/wp\/v2\/comments?post=42782"}],"wp:featuredmedia":[{"embeddable":true,"href":"https:\/\/www.museuhistoricosl.com.br\/loja\/wp-json\/wp\/v2\/media\/42781"}],"wp:attachment":[{"href":"https:\/\/www.museuhistoricosl.com.br\/loja\/wp-json\/wp\/v2\/media?parent=42782"}],"wp:term":[{"taxonomy":"product_cat","embeddable":true,"href":"https:\/\/www.museuhistoricosl.com.br\/loja\/wp-json\/wp\/v2\/product_cat?post=42782"},{"taxonomy":"product_tag","embeddable":true,"href":"https:\/\/www.museuhistoricosl.com.br\/loja\/wp-json\/wp\/v2\/product_tag?post=42782"}],"curies":[{"name":"wp","href":"https:\/\/api.w.org\/{rel}","templated":true}]}}