{"id":4274,"date":"2021-12-16T15:07:09","date_gmt":"2021-12-16T18:07:09","guid":{"rendered":"https:\/\/www.museuhistoricosl.com.br\/novosite\/produto\/sl031-fd-0114\/"},"modified":"2021-12-16T15:07:09","modified_gmt":"2021-12-16T18:07:09","slug":"sl031-fd-0114","status":"publish","type":"product","link":"https:\/\/www.museuhistoricosl.com.br\/loja\/produto\/sl031-fd-0114\/","title":{"rendered":"SL031-FD-0114"},"content":{"rendered":"<p>Enchente de 1936. &#8211; C\u00f3digo anterior de cat\u00e1logo:FD 31,114; Elei\u00e7\u00f5es; <\/p>\n","protected":false},"excerpt":{"rendered":"<p>Enchente de 1936. &#8211; C\u00f3digo anterior de cat\u00e1logo:FD 31,114; Elei\u00e7\u00f5es;<\/p>\n","protected":false},"featured_media":4273,"comment_status":"open","ping_status":"closed","template":"","meta":{"_acf_changed":false},"product_cat":[38],"product_tag":[],"class_list":["post-4274","product","type-product","status-publish","has-post-thumbnail","hentry","product_cat-eleicoes"],"acf":[],"_links":{"self":[{"href":"https:\/\/www.museuhistoricosl.com.br\/loja\/wp-json\/wp\/v2\/product\/4274","targetHints":{"allow":["GET"]}}],"collection":[{"href":"https:\/\/www.museuhistoricosl.com.br\/loja\/wp-json\/wp\/v2\/product"}],"about":[{"href":"https:\/\/www.museuhistoricosl.com.br\/loja\/wp-json\/wp\/v2\/types\/product"}],"replies":[{"embeddable":true,"href":"https:\/\/www.museuhistoricosl.com.br\/loja\/wp-json\/wp\/v2\/comments?post=4274"}],"wp:featuredmedia":[{"embeddable":true,"href":"https:\/\/www.museuhistoricosl.com.br\/loja\/wp-json\/wp\/v2\/media\/4273"}],"wp:attachment":[{"href":"https:\/\/www.museuhistoricosl.com.br\/loja\/wp-json\/wp\/v2\/media?parent=4274"}],"wp:term":[{"taxonomy":"product_cat","embeddable":true,"href":"https:\/\/www.museuhistoricosl.com.br\/loja\/wp-json\/wp\/v2\/product_cat?post=4274"},{"taxonomy":"product_tag","embeddable":true,"href":"https:\/\/www.museuhistoricosl.com.br\/loja\/wp-json\/wp\/v2\/product_tag?post=4274"}],"curies":[{"name":"wp","href":"https:\/\/api.w.org\/{rel}","templated":true}]}}