{"id":42570,"date":"2022-01-19T15:36:49","date_gmt":"2022-01-19T18:36:49","guid":{"rendered":"https:\/\/www.museuhistoricosl.com.br\/loja\/produto\/rs069-fd-0095\/"},"modified":"2022-01-19T15:36:49","modified_gmt":"2022-01-19T18:36:49","slug":"rs069-fd-0095","status":"publish","type":"product","link":"https:\/\/www.museuhistoricosl.com.br\/loja\/produto\/rs069-fd-0095\/","title":{"rendered":"RS069-FD-0095"},"content":{"rendered":"<p>Desfile Semana da P\u00e1tria, Keru &#8211; Ivoti, foi aluna da Funda\u00e7\u00e3o Evang\u00e9lica em 1945, Rua Pedro Adans Filho esquina Novo Seguro, O centro de N\u00f4vo Hamburgo mudou&#8230; Em 1945, havia ilumina\u00e7\u00e3o no meio da rua. A foto fixa a parada da Semana da P\u00e1tria daquele ano, quando passava a Funda\u00e7\u00e3o Evang\u00e9lica, Esquina do Edif\u00edcio Novo Seguro, Doadora: Helmy Klein Kern, Ivoti; Novo Hamburgo; <\/p>\n","protected":false},"excerpt":{"rendered":"<p>Desfile Semana da P\u00e1tria, Keru &#8211; Ivoti, foi aluna da Funda\u00e7\u00e3o Evang\u00e9lica em 1945, Rua Pedro Adans Filho esquina Novo<\/p>\n","protected":false},"featured_media":42569,"comment_status":"open","ping_status":"closed","template":"","meta":{"_acf_changed":false},"product_cat":[105],"product_tag":[],"class_list":["post-42570","product","type-product","status-publish","has-post-thumbnail","hentry","product_cat-novo-hamburgo"],"acf":[],"_links":{"self":[{"href":"https:\/\/www.museuhistoricosl.com.br\/loja\/wp-json\/wp\/v2\/product\/42570","targetHints":{"allow":["GET"]}}],"collection":[{"href":"https:\/\/www.museuhistoricosl.com.br\/loja\/wp-json\/wp\/v2\/product"}],"about":[{"href":"https:\/\/www.museuhistoricosl.com.br\/loja\/wp-json\/wp\/v2\/types\/product"}],"replies":[{"embeddable":true,"href":"https:\/\/www.museuhistoricosl.com.br\/loja\/wp-json\/wp\/v2\/comments?post=42570"}],"wp:featuredmedia":[{"embeddable":true,"href":"https:\/\/www.museuhistoricosl.com.br\/loja\/wp-json\/wp\/v2\/media\/42569"}],"wp:attachment":[{"href":"https:\/\/www.museuhistoricosl.com.br\/loja\/wp-json\/wp\/v2\/media?parent=42570"}],"wp:term":[{"taxonomy":"product_cat","embeddable":true,"href":"https:\/\/www.museuhistoricosl.com.br\/loja\/wp-json\/wp\/v2\/product_cat?post=42570"},{"taxonomy":"product_tag","embeddable":true,"href":"https:\/\/www.museuhistoricosl.com.br\/loja\/wp-json\/wp\/v2\/product_tag?post=42570"}],"curies":[{"name":"wp","href":"https:\/\/api.w.org\/{rel}","templated":true}]}}