{"id":42526,"date":"2022-01-19T15:36:22","date_gmt":"2022-01-19T18:36:22","guid":{"rendered":"https:\/\/www.museuhistoricosl.com.br\/loja\/produto\/rs069-fd-0073\/"},"modified":"2022-01-19T15:36:22","modified_gmt":"2022-01-19T18:36:22","slug":"rs069-fd-0073","status":"publish","type":"product","link":"https:\/\/www.museuhistoricosl.com.br\/loja\/produto\/rs069-fd-0073\/","title":{"rendered":"RS069-FD-0073"},"content":{"rendered":"<p>Noticia em Jornal NH, Travess\u00e3o, Um belo local totalmente esquecido pela popul\u00e3o, o t\u00famulo do casal Lorenz Kochenborges, antes um belo monumento, do qual restam apenas alguns fragmentos de pedras; Novo Hamburgo; <\/p>\n","protected":false},"excerpt":{"rendered":"<p>Noticia em Jornal NH, Travess\u00e3o, Um belo local totalmente esquecido pela popul\u00e3o, o t\u00famulo do casal Lorenz Kochenborges, antes um<\/p>\n","protected":false},"featured_media":42525,"comment_status":"open","ping_status":"closed","template":"","meta":{"_acf_changed":false},"product_cat":[105],"product_tag":[],"class_list":["post-42526","product","type-product","status-publish","has-post-thumbnail","hentry","product_cat-novo-hamburgo"],"acf":[],"_links":{"self":[{"href":"https:\/\/www.museuhistoricosl.com.br\/loja\/wp-json\/wp\/v2\/product\/42526","targetHints":{"allow":["GET"]}}],"collection":[{"href":"https:\/\/www.museuhistoricosl.com.br\/loja\/wp-json\/wp\/v2\/product"}],"about":[{"href":"https:\/\/www.museuhistoricosl.com.br\/loja\/wp-json\/wp\/v2\/types\/product"}],"replies":[{"embeddable":true,"href":"https:\/\/www.museuhistoricosl.com.br\/loja\/wp-json\/wp\/v2\/comments?post=42526"}],"wp:featuredmedia":[{"embeddable":true,"href":"https:\/\/www.museuhistoricosl.com.br\/loja\/wp-json\/wp\/v2\/media\/42525"}],"wp:attachment":[{"href":"https:\/\/www.museuhistoricosl.com.br\/loja\/wp-json\/wp\/v2\/media?parent=42526"}],"wp:term":[{"taxonomy":"product_cat","embeddable":true,"href":"https:\/\/www.museuhistoricosl.com.br\/loja\/wp-json\/wp\/v2\/product_cat?post=42526"},{"taxonomy":"product_tag","embeddable":true,"href":"https:\/\/www.museuhistoricosl.com.br\/loja\/wp-json\/wp\/v2\/product_tag?post=42526"}],"curies":[{"name":"wp","href":"https:\/\/api.w.org\/{rel}","templated":true}]}}