{"id":42518,"date":"2022-01-19T15:36:18","date_gmt":"2022-01-19T18:36:18","guid":{"rendered":"https:\/\/www.museuhistoricosl.com.br\/loja\/produto\/rs069-fd-0069\/"},"modified":"2022-01-19T15:36:18","modified_gmt":"2022-01-19T18:36:18","slug":"rs069-fd-0069","status":"publish","type":"product","link":"https:\/\/www.museuhistoricosl.com.br\/loja\/produto\/rs069-fd-0069\/","title":{"rendered":"RS069-FD-0069"},"content":{"rendered":"<p>1927 25 anos 1952, Vista parcial de Novo Hamburgo, A f\u00f4rma \u00e9 o alicerce do cal\u00e7ado; Novo Hamburgo; <\/p>\n","protected":false},"excerpt":{"rendered":"<p>1927 25 anos 1952, Vista parcial de Novo Hamburgo, A f\u00f4rma \u00e9 o alicerce do cal\u00e7ado; Novo Hamburgo;<\/p>\n","protected":false},"featured_media":42517,"comment_status":"open","ping_status":"closed","template":"","meta":{"_acf_changed":false},"product_cat":[105],"product_tag":[],"class_list":["post-42518","product","type-product","status-publish","has-post-thumbnail","hentry","product_cat-novo-hamburgo"],"acf":[],"_links":{"self":[{"href":"https:\/\/www.museuhistoricosl.com.br\/loja\/wp-json\/wp\/v2\/product\/42518","targetHints":{"allow":["GET"]}}],"collection":[{"href":"https:\/\/www.museuhistoricosl.com.br\/loja\/wp-json\/wp\/v2\/product"}],"about":[{"href":"https:\/\/www.museuhistoricosl.com.br\/loja\/wp-json\/wp\/v2\/types\/product"}],"replies":[{"embeddable":true,"href":"https:\/\/www.museuhistoricosl.com.br\/loja\/wp-json\/wp\/v2\/comments?post=42518"}],"wp:featuredmedia":[{"embeddable":true,"href":"https:\/\/www.museuhistoricosl.com.br\/loja\/wp-json\/wp\/v2\/media\/42517"}],"wp:attachment":[{"href":"https:\/\/www.museuhistoricosl.com.br\/loja\/wp-json\/wp\/v2\/media?parent=42518"}],"wp:term":[{"taxonomy":"product_cat","embeddable":true,"href":"https:\/\/www.museuhistoricosl.com.br\/loja\/wp-json\/wp\/v2\/product_cat?post=42518"},{"taxonomy":"product_tag","embeddable":true,"href":"https:\/\/www.museuhistoricosl.com.br\/loja\/wp-json\/wp\/v2\/product_tag?post=42518"}],"curies":[{"name":"wp","href":"https:\/\/api.w.org\/{rel}","templated":true}]}}