{"id":42504,"date":"2022-01-19T15:36:09","date_gmt":"2022-01-19T18:36:09","guid":{"rendered":"https:\/\/www.museuhistoricosl.com.br\/loja\/produto\/rs069-fd-0062\/"},"modified":"2022-01-19T15:36:09","modified_gmt":"2022-01-19T18:36:09","slug":"rs069-fd-0062","status":"publish","type":"product","link":"https:\/\/www.museuhistoricosl.com.br\/loja\/produto\/rs069-fd-0062\/","title":{"rendered":"RS069-FD-0062"},"content":{"rendered":"<p>Iria Scharlau, \u00e0 frente da Funda\u00e7\u00e3o Evang\u00e9lica, 1945; Novo Hamburgo; <\/p>\n","protected":false},"excerpt":{"rendered":"<p>Iria Scharlau, \u00e0 frente da Funda\u00e7\u00e3o Evang\u00e9lica, 1945; Novo Hamburgo;<\/p>\n","protected":false},"featured_media":42503,"comment_status":"open","ping_status":"closed","template":"","meta":{"_acf_changed":false},"product_cat":[105],"product_tag":[],"class_list":["post-42504","product","type-product","status-publish","has-post-thumbnail","hentry","product_cat-novo-hamburgo"],"acf":[],"_links":{"self":[{"href":"https:\/\/www.museuhistoricosl.com.br\/loja\/wp-json\/wp\/v2\/product\/42504","targetHints":{"allow":["GET"]}}],"collection":[{"href":"https:\/\/www.museuhistoricosl.com.br\/loja\/wp-json\/wp\/v2\/product"}],"about":[{"href":"https:\/\/www.museuhistoricosl.com.br\/loja\/wp-json\/wp\/v2\/types\/product"}],"replies":[{"embeddable":true,"href":"https:\/\/www.museuhistoricosl.com.br\/loja\/wp-json\/wp\/v2\/comments?post=42504"}],"wp:featuredmedia":[{"embeddable":true,"href":"https:\/\/www.museuhistoricosl.com.br\/loja\/wp-json\/wp\/v2\/media\/42503"}],"wp:attachment":[{"href":"https:\/\/www.museuhistoricosl.com.br\/loja\/wp-json\/wp\/v2\/media?parent=42504"}],"wp:term":[{"taxonomy":"product_cat","embeddable":true,"href":"https:\/\/www.museuhistoricosl.com.br\/loja\/wp-json\/wp\/v2\/product_cat?post=42504"},{"taxonomy":"product_tag","embeddable":true,"href":"https:\/\/www.museuhistoricosl.com.br\/loja\/wp-json\/wp\/v2\/product_tag?post=42504"}],"curies":[{"name":"wp","href":"https:\/\/api.w.org\/{rel}","templated":true}]}}