{"id":42325,"date":"2022-01-18T16:15:25","date_gmt":"2022-01-18T19:15:25","guid":{"rendered":"https:\/\/www.museuhistoricosl.com.br\/loja\/produto\/sl099-fd-0022\/"},"modified":"2022-01-18T16:15:25","modified_gmt":"2022-01-18T19:15:25","slug":"sl099-fd-0022","status":"publish","type":"product","link":"https:\/\/www.museuhistoricosl.com.br\/loja\/produto\/sl099-fd-0022\/","title":{"rendered":"SL099-FD-0022"},"content":{"rendered":"<p>1924. &#8211; C\u00f3digo anterior de cat\u00e1logo:FD 99-22; Navega\u00e7\u00e3o; <\/p>\n","protected":false},"excerpt":{"rendered":"<p>1924. &#8211; C\u00f3digo anterior de cat\u00e1logo:FD 99-22; Navega\u00e7\u00e3o;<\/p>\n","protected":false},"featured_media":42324,"comment_status":"open","ping_status":"closed","template":"","meta":{"_acf_changed":false},"product_cat":[104],"product_tag":[],"class_list":["post-42325","product","type-product","status-publish","has-post-thumbnail","hentry","product_cat-navegacao"],"acf":[],"_links":{"self":[{"href":"https:\/\/www.museuhistoricosl.com.br\/loja\/wp-json\/wp\/v2\/product\/42325","targetHints":{"allow":["GET"]}}],"collection":[{"href":"https:\/\/www.museuhistoricosl.com.br\/loja\/wp-json\/wp\/v2\/product"}],"about":[{"href":"https:\/\/www.museuhistoricosl.com.br\/loja\/wp-json\/wp\/v2\/types\/product"}],"replies":[{"embeddable":true,"href":"https:\/\/www.museuhistoricosl.com.br\/loja\/wp-json\/wp\/v2\/comments?post=42325"}],"wp:featuredmedia":[{"embeddable":true,"href":"https:\/\/www.museuhistoricosl.com.br\/loja\/wp-json\/wp\/v2\/media\/42324"}],"wp:attachment":[{"href":"https:\/\/www.museuhistoricosl.com.br\/loja\/wp-json\/wp\/v2\/media?parent=42325"}],"wp:term":[{"taxonomy":"product_cat","embeddable":true,"href":"https:\/\/www.museuhistoricosl.com.br\/loja\/wp-json\/wp\/v2\/product_cat?post=42325"},{"taxonomy":"product_tag","embeddable":true,"href":"https:\/\/www.museuhistoricosl.com.br\/loja\/wp-json\/wp\/v2\/product_tag?post=42325"}],"curies":[{"name":"wp","href":"https:\/\/api.w.org\/{rel}","templated":true}]}}