{"id":42295,"date":"2022-01-18T16:15:09","date_gmt":"2022-01-18T19:15:09","guid":{"rendered":"https:\/\/www.museuhistoricosl.com.br\/loja\/produto\/sl099-fd-0007\/"},"modified":"2022-01-18T16:15:09","modified_gmt":"2022-01-18T19:15:09","slug":"sl099-fd-0007","status":"publish","type":"product","link":"https:\/\/www.museuhistoricosl.com.br\/loja\/produto\/sl099-fd-0007\/","title":{"rendered":"SL099-FD-0007"},"content":{"rendered":"<p>O fazendeiro Jo\u00e3o Ernesto Kohlrausch e sua esposa Sophie Blauth, 1890. &#8211; C\u00f3digo anterior de cat\u00e1logo:FD 99-7; Navega\u00e7\u00e3o; <\/p>\n","protected":false},"excerpt":{"rendered":"<p>O fazendeiro Jo\u00e3o Ernesto Kohlrausch e sua esposa Sophie Blauth, 1890. &#8211; C\u00f3digo anterior de cat\u00e1logo:FD 99-7; Navega\u00e7\u00e3o;<\/p>\n","protected":false},"featured_media":42294,"comment_status":"open","ping_status":"closed","template":"","meta":{"_acf_changed":false},"product_cat":[104],"product_tag":[],"class_list":["post-42295","product","type-product","status-publish","has-post-thumbnail","hentry","product_cat-navegacao"],"acf":[],"_links":{"self":[{"href":"https:\/\/www.museuhistoricosl.com.br\/loja\/wp-json\/wp\/v2\/product\/42295","targetHints":{"allow":["GET"]}}],"collection":[{"href":"https:\/\/www.museuhistoricosl.com.br\/loja\/wp-json\/wp\/v2\/product"}],"about":[{"href":"https:\/\/www.museuhistoricosl.com.br\/loja\/wp-json\/wp\/v2\/types\/product"}],"replies":[{"embeddable":true,"href":"https:\/\/www.museuhistoricosl.com.br\/loja\/wp-json\/wp\/v2\/comments?post=42295"}],"wp:featuredmedia":[{"embeddable":true,"href":"https:\/\/www.museuhistoricosl.com.br\/loja\/wp-json\/wp\/v2\/media\/42294"}],"wp:attachment":[{"href":"https:\/\/www.museuhistoricosl.com.br\/loja\/wp-json\/wp\/v2\/media?parent=42295"}],"wp:term":[{"taxonomy":"product_cat","embeddable":true,"href":"https:\/\/www.museuhistoricosl.com.br\/loja\/wp-json\/wp\/v2\/product_cat?post=42295"},{"taxonomy":"product_tag","embeddable":true,"href":"https:\/\/www.museuhistoricosl.com.br\/loja\/wp-json\/wp\/v2\/product_tag?post=42295"}],"curies":[{"name":"wp","href":"https:\/\/api.w.org\/{rel}","templated":true}]}}