{"id":42244,"date":"2022-01-18T16:05:28","date_gmt":"2022-01-18T19:05:28","guid":{"rendered":"https:\/\/www.museuhistoricosl.com.br\/loja\/produto\/sl067-fd-0085\/"},"modified":"2022-01-18T16:05:28","modified_gmt":"2022-01-18T19:05:28","slug":"sl067-fd-0085","status":"publish","type":"product","link":"https:\/\/www.museuhistoricosl.com.br\/loja\/produto\/sl067-fd-0085\/","title":{"rendered":"SL067-FD-0085"},"content":{"rendered":"<p>Estrada de Ferro P.Alegre \u00e1 N.Hamburgo, Armazem Esta\u00e7\u00e3o de N. Hamburgo (telhado de zinco) depois a chuva de pedra no dia 11 de junho 1895, Foto Fr.G. Huhnfleisch; Museu do Trem &#8211; S\u00e3o Leopoldo; <\/p>\n","protected":false},"excerpt":{"rendered":"<p>Estrada de Ferro P.Alegre \u00e1 N.Hamburgo, Armazem Esta\u00e7\u00e3o de N. Hamburgo (telhado de zinco) depois a chuva de pedra no<\/p>\n","protected":false},"featured_media":42243,"comment_status":"open","ping_status":"closed","template":"","meta":{"_acf_changed":false},"product_cat":[103],"product_tag":[],"class_list":["post-42244","product","type-product","status-publish","has-post-thumbnail","hentry","product_cat-museu-do-trem-sao-leopoldo"],"acf":[],"_links":{"self":[{"href":"https:\/\/www.museuhistoricosl.com.br\/loja\/wp-json\/wp\/v2\/product\/42244","targetHints":{"allow":["GET"]}}],"collection":[{"href":"https:\/\/www.museuhistoricosl.com.br\/loja\/wp-json\/wp\/v2\/product"}],"about":[{"href":"https:\/\/www.museuhistoricosl.com.br\/loja\/wp-json\/wp\/v2\/types\/product"}],"replies":[{"embeddable":true,"href":"https:\/\/www.museuhistoricosl.com.br\/loja\/wp-json\/wp\/v2\/comments?post=42244"}],"wp:featuredmedia":[{"embeddable":true,"href":"https:\/\/www.museuhistoricosl.com.br\/loja\/wp-json\/wp\/v2\/media\/42243"}],"wp:attachment":[{"href":"https:\/\/www.museuhistoricosl.com.br\/loja\/wp-json\/wp\/v2\/media?parent=42244"}],"wp:term":[{"taxonomy":"product_cat","embeddable":true,"href":"https:\/\/www.museuhistoricosl.com.br\/loja\/wp-json\/wp\/v2\/product_cat?post=42244"},{"taxonomy":"product_tag","embeddable":true,"href":"https:\/\/www.museuhistoricosl.com.br\/loja\/wp-json\/wp\/v2\/product_tag?post=42244"}],"curies":[{"name":"wp","href":"https:\/\/api.w.org\/{rel}","templated":true}]}}