{"id":42222,"date":"2022-01-18T16:05:12","date_gmt":"2022-01-18T19:05:12","guid":{"rendered":"https:\/\/www.museuhistoricosl.com.br\/loja\/produto\/sl067-fd-0074\/"},"modified":"2022-01-18T16:05:12","modified_gmt":"2022-01-18T19:05:12","slug":"sl067-fd-0074","status":"publish","type":"product","link":"https:\/\/www.museuhistoricosl.com.br\/loja\/produto\/sl067-fd-0074\/","title":{"rendered":"SL067-FD-0074"},"content":{"rendered":"<p>Cart\u00e3o de Natal 1927, Schema das linhas da Via\u00e7\u00e3o Ferrea do Rio Grande do Sul, As 25 locomotivas deste typo acham-se munidas de superaquecedor, camara de combust\u00e3o de um metro e oitocentos milimetros de comprimento, dois synh\u00f5es thermicos Nicholson, grelha oscilantes accionadas a vapor, proporcionando-lhes a utiliza\u00e7\u00e3o economica e eficiente do carv\u00e3o de pedra sul-riograndense.; Museu do Trem &#8211; S\u00e3o Leopoldo; <\/p>\n","protected":false},"excerpt":{"rendered":"<p>Cart\u00e3o de Natal 1927, Schema das linhas da Via\u00e7\u00e3o Ferrea do Rio Grande do Sul, As 25 locomotivas deste typo<\/p>\n","protected":false},"featured_media":42221,"comment_status":"open","ping_status":"closed","template":"","meta":{"_acf_changed":false},"product_cat":[103],"product_tag":[],"class_list":["post-42222","product","type-product","status-publish","has-post-thumbnail","hentry","product_cat-museu-do-trem-sao-leopoldo"],"acf":[],"_links":{"self":[{"href":"https:\/\/www.museuhistoricosl.com.br\/loja\/wp-json\/wp\/v2\/product\/42222","targetHints":{"allow":["GET"]}}],"collection":[{"href":"https:\/\/www.museuhistoricosl.com.br\/loja\/wp-json\/wp\/v2\/product"}],"about":[{"href":"https:\/\/www.museuhistoricosl.com.br\/loja\/wp-json\/wp\/v2\/types\/product"}],"replies":[{"embeddable":true,"href":"https:\/\/www.museuhistoricosl.com.br\/loja\/wp-json\/wp\/v2\/comments?post=42222"}],"wp:featuredmedia":[{"embeddable":true,"href":"https:\/\/www.museuhistoricosl.com.br\/loja\/wp-json\/wp\/v2\/media\/42221"}],"wp:attachment":[{"href":"https:\/\/www.museuhistoricosl.com.br\/loja\/wp-json\/wp\/v2\/media?parent=42222"}],"wp:term":[{"taxonomy":"product_cat","embeddable":true,"href":"https:\/\/www.museuhistoricosl.com.br\/loja\/wp-json\/wp\/v2\/product_cat?post=42222"},{"taxonomy":"product_tag","embeddable":true,"href":"https:\/\/www.museuhistoricosl.com.br\/loja\/wp-json\/wp\/v2\/product_tag?post=42222"}],"curies":[{"name":"wp","href":"https:\/\/api.w.org\/{rel}","templated":true}]}}