{"id":42220,"date":"2022-01-18T16:05:11","date_gmt":"2022-01-18T19:05:11","guid":{"rendered":"https:\/\/www.museuhistoricosl.com.br\/loja\/produto\/sl067-fd-0073\/"},"modified":"2022-01-18T16:05:11","modified_gmt":"2022-01-18T19:05:11","slug":"sl067-fd-0073","status":"publish","type":"product","link":"https:\/\/www.museuhistoricosl.com.br\/loja\/produto\/sl067-fd-0073\/","title":{"rendered":"SL067-FD-0073"},"content":{"rendered":"<p>Cart\u00e3o de Natal 1927 &#8211; 1927 &#8211; 1928, A administra\u00e7\u00e3o da Via\u00e7\u00e3o Ferrea do Rio Grande do Sul, cumprimenta cordialmente a V. Ex. Almejando-lhe feliz natal e augurando-lhe prosperidade no decorrer do anno novo., Porto Alegre, dezembro de 1927, Octacilio Pereira &#8211; Director Geral, Fernando Pereira &#8211; Chefe da 1\u00aa Divis\u00e3o, Celso Pantoja &#8211; Cheve da 2\u00aa Divis\u00e3o, Frederico Von Bock &#8211; Chefe da 3\u00aa Divis\u00e3o, Dario Lassance &#8211; Chefe da 4\u00aa Divis\u00e3o; Museu do Trem &#8211; S\u00e3o Leopoldo; <\/p>\n","protected":false},"excerpt":{"rendered":"<p>Cart\u00e3o de Natal 1927 &#8211; 1927 &#8211; 1928, A administra\u00e7\u00e3o da Via\u00e7\u00e3o Ferrea do Rio Grande do Sul, cumprimenta cordialmente<\/p>\n","protected":false},"featured_media":42219,"comment_status":"open","ping_status":"closed","template":"","meta":{"_acf_changed":false},"product_cat":[103],"product_tag":[],"class_list":["post-42220","product","type-product","status-publish","has-post-thumbnail","hentry","product_cat-museu-do-trem-sao-leopoldo"],"acf":[],"_links":{"self":[{"href":"https:\/\/www.museuhistoricosl.com.br\/loja\/wp-json\/wp\/v2\/product\/42220","targetHints":{"allow":["GET"]}}],"collection":[{"href":"https:\/\/www.museuhistoricosl.com.br\/loja\/wp-json\/wp\/v2\/product"}],"about":[{"href":"https:\/\/www.museuhistoricosl.com.br\/loja\/wp-json\/wp\/v2\/types\/product"}],"replies":[{"embeddable":true,"href":"https:\/\/www.museuhistoricosl.com.br\/loja\/wp-json\/wp\/v2\/comments?post=42220"}],"wp:featuredmedia":[{"embeddable":true,"href":"https:\/\/www.museuhistoricosl.com.br\/loja\/wp-json\/wp\/v2\/media\/42219"}],"wp:attachment":[{"href":"https:\/\/www.museuhistoricosl.com.br\/loja\/wp-json\/wp\/v2\/media?parent=42220"}],"wp:term":[{"taxonomy":"product_cat","embeddable":true,"href":"https:\/\/www.museuhistoricosl.com.br\/loja\/wp-json\/wp\/v2\/product_cat?post=42220"},{"taxonomy":"product_tag","embeddable":true,"href":"https:\/\/www.museuhistoricosl.com.br\/loja\/wp-json\/wp\/v2\/product_tag?post=42220"}],"curies":[{"name":"wp","href":"https:\/\/api.w.org\/{rel}","templated":true}]}}